{"id":32245,"date":"2025-12-23T10:16:18","date_gmt":"2025-12-23T09:16:18","guid":{"rendered":"https:\/\/www.verbanoviaggi.com\/?page_id=32245"},"modified":"2025-12-23T21:57:50","modified_gmt":"2025-12-23T20:57:50","slug":"elementor-pagina-32245","status":"publish","type":"page","link":"https:\/\/www.verbanoviaggi.com\/?page_id=32245","title":{"rendered":"Carrello"},"content":{"rendered":"\t\t<div data-elementor-type=\"wp-page\" data-elementor-id=\"32245\" class=\"elementor elementor-32245\" data-elementor-post-type=\"page\">\n\t\t\t\t<div data-particle_enable=\"false\" data-particle-mobile-disabled=\"false\" class=\"elementor-element elementor-element-aa425cc e-flex e-con-boxed e-con e-parent\" data-id=\"aa425cc\" data-element_type=\"container\" data-e-type=\"container\">\n\t\t\t\t\t<div class=\"e-con-inner\">\n\t\t\t\t<div class=\"elementor-element elementor-element-708bfe8 elementor-widget elementor-widget-eael-woo-cart\" data-id=\"708bfe8\" data-element_type=\"widget\" data-e-type=\"widget\" data-settings=\"{&quot;eael_woo_cart_table_components_remove_icon&quot;:{&quot;value&quot;:&quot;fas fa-times&quot;,&quot;library&quot;:&quot;fa-solid&quot;},&quot;eael_woo_cart_components_continue_shopping_icon&quot;:{&quot;value&quot;:&quot;fas fa-chevron-left&quot;,&quot;library&quot;:&quot;fa-solid&quot;}}\" data-widget_type=\"eael-woo-cart.default\">\n\t\t\t\t<div class=\"elementor-widget-container\">\n\t\t\t\t\t\t\t\t\t<div class=\"eael-woo-cart-wrapper eael-woo-cart-empty eael-woo-style-2 eael-auto-update33\">\n\t\t\t\t<div class=\"woocommerce-notices-wrapper\"><\/div><div class=\"wc-empty-cart-message\">\n\t<div class=\"cart-empty woocommerce-info\" role=\"status\">\n\t\tSvuota carrello\t<\/div>\n<\/div>\t<p class=\"return-to-shop\">\n\t\t<a class=\"button wc-backward\" href=\"https:\/\/www.verbanoviaggi.com\/?page_id=31085\">\n\t\t\tRitorna al negozio\t\t<\/a>\n\t<\/p>\n                <\/div>\n\t\t\t\t        <script>document.body.classList.add(\"eael-woo-cart\");<\/script>\n\t\t\t\t\t\t<\/div>\n\t\t\t\t<\/div>\n\t\t\t\t\t<\/div>\n\t\t\t\t<\/div>\n\t\t\t\t<\/div>\n\t\t","protected":false},"excerpt":{"rendered":"<p>Prodotto Prezzo Quantit\u00e0 Subtotale ISTANBUL: Tour nella citt\u00e0 dei due continenti 899,00&nbsp;&euro; ISTANBUL: Tour nella citt\u00e0 dei due continenti quantit\u00e0 [&hellip;]<\/p>\n","protected":false},"author":3,"featured_media":0,"parent":0,"menu_order":0,"comment_status":"closed","ping_status":"closed","template":"","meta":{"_acf_changed":false,"site-sidebar-layout":"no-sidebar","site-content-layout":"","ast-site-content-layout":"full-width-container","site-content-style":"default","site-sidebar-style":"default","ast-global-header-display":"","ast-banner-title-visibility":"","ast-main-header-display":"","ast-hfb-above-header-display":"","ast-hfb-below-header-display":"","ast-hfb-mobile-header-display":"","site-post-title":"disabled","ast-breadcrumbs-content":"","ast-featured-img":"disabled","footer-sml-layout":"","ast-disable-related-posts":"","theme-transparent-header-meta":"","adv-header-id-meta":"","stick-header-meta":"","header-above-stick-meta":"","header-main-stick-meta":"","header-below-stick-meta":"","astra-migrate-meta-layouts":"default","ast-page-background-enabled":"default","ast-page-background-meta":{"desktop":{"background-color":"var(--ast-global-color-5)","background-image":"","background-repeat":"repeat","background-position":"center center","background-size":"auto","background-attachment":"scroll","background-type":"","background-media":"","overlay-type":"","overlay-color":"","overlay-opacity":"","overlay-gradient":""},"tablet":{"background-color":"","background-image":"","background-repeat":"repeat","background-position":"center center","background-size":"auto","background-attachment":"scroll","background-type":"","background-media":"","overlay-type":"","overlay-color":"","overlay-opacity":"","overlay-gradient":""},"mobile":{"background-color":"","background-image":"","background-repeat":"repeat","background-position":"center center","background-size":"auto","background-attachment":"scroll","background-type":"","background-media":"","overlay-type":"","overlay-color":"","overlay-opacity":"","overlay-gradient":""}},"ast-content-background-meta":{"desktop":{"background-color":"var(--ast-global-color-4)","background-image":"","background-repeat":"repeat","background-position":"center center","background-size":"auto","background-attachment":"scroll","background-type":"","background-media":"","overlay-type":"","overlay-color":"","overlay-opacity":"","overlay-gradient":""},"tablet":{"background-color":"var(--ast-global-color-4)","background-image":"","background-repeat":"repeat","background-position":"center center","background-size":"auto","background-attachment":"scroll","background-type":"","background-media":"","overlay-type":"","overlay-color":"","overlay-opacity":"","overlay-gradient":""},"mobile":{"background-color":"var(--ast-global-color-4)","background-image":"","background-repeat":"repeat","background-position":"center center","background-size":"auto","background-attachment":"scroll","background-type":"","background-media":"","overlay-type":"","overlay-color":"","overlay-opacity":"","overlay-gradient":""}},"footnotes":""},"class_list":["post-32245","page","type-page","status-publish","hentry"],"acf":[],"yoast_head":"<!-- This site is optimized with the Yoast SEO plugin v27.4 - https:\/\/yoast.com\/product\/yoast-seo-wordpress\/ -->\n<title>Carrello - Verbano Viaggi<\/title>\n<meta name=\"robots\" content=\"noindex, follow, max-snippet:-1, max-image-preview:large, max-video-preview:-1\" \/>\n<meta property=\"og:locale\" content=\"it_IT\" \/>\n<meta property=\"og:type\" content=\"article\" \/>\n<meta property=\"og:title\" content=\"Carrello - Verbano Viaggi\" \/>\n<meta property=\"og:description\" content=\"Prodotto Prezzo Quantit\u00e0 Subtotale ISTANBUL: Tour nella citt\u00e0 dei due continenti 899,00&nbsp;&euro; ISTANBUL: Tour nella citt\u00e0 dei due continenti quantit\u00e0 [&hellip;]\" \/>\n<meta property=\"og:url\" content=\"https:\/\/www.verbanoviaggi.com\/?page_id=32245\" \/>\n<meta property=\"og:site_name\" content=\"Verbano Viaggi\" \/>\n<meta property=\"article:publisher\" content=\"https:\/\/www.facebook.com\/verbanoviaggi\" \/>\n<meta property=\"article:modified_time\" content=\"2025-12-23T20:57:50+00:00\" \/>\n<meta property=\"og:image\" content=\"https:\/\/www.verbanoviaggi.com\/wp-content\/uploads\/2025\/09\/istanbul-300x300.webp\" \/>\n<meta name=\"twitter:card\" content=\"summary_large_image\" \/>\n<meta name=\"twitter:label1\" content=\"Tempo di lettura stimato\" \/>\n\t<meta name=\"twitter:data1\" content=\"1 minuto\" \/>\n<script type=\"application\/ld+json\" class=\"yoast-schema-graph\">{\"@context\":\"https:\\\/\\\/schema.org\",\"@graph\":[{\"@type\":\"WebPage\",\"@id\":\"https:\\\/\\\/www.verbanoviaggi.com\\\/?page_id=32245\",\"url\":\"https:\\\/\\\/www.verbanoviaggi.com\\\/?page_id=32245\",\"name\":\"Carrello - Verbano Viaggi\",\"isPartOf\":{\"@id\":\"https:\\\/\\\/www.verbanoviaggi.com\\\/#website\"},\"primaryImageOfPage\":{\"@id\":\"https:\\\/\\\/www.verbanoviaggi.com\\\/?page_id=32245#primaryimage\"},\"image\":{\"@id\":\"https:\\\/\\\/www.verbanoviaggi.com\\\/?page_id=32245#primaryimage\"},\"thumbnailUrl\":\"https:\\\/\\\/www.verbanoviaggi.com\\\/wp-content\\\/uploads\\\/2025\\\/09\\\/istanbul-300x300.webp\",\"datePublished\":\"2025-12-23T09:16:18+00:00\",\"dateModified\":\"2025-12-23T20:57:50+00:00\",\"breadcrumb\":{\"@id\":\"https:\\\/\\\/www.verbanoviaggi.com\\\/?page_id=32245#breadcrumb\"},\"inLanguage\":\"it-IT\",\"potentialAction\":[{\"@type\":\"ReadAction\",\"target\":[\"https:\\\/\\\/www.verbanoviaggi.com\\\/?page_id=32245\"]}]},{\"@type\":\"ImageObject\",\"inLanguage\":\"it-IT\",\"@id\":\"https:\\\/\\\/www.verbanoviaggi.com\\\/?page_id=32245#primaryimage\",\"url\":\"https:\\\/\\\/www.verbanoviaggi.com\\\/wp-content\\\/uploads\\\/2025\\\/09\\\/istanbul-300x300.webp\",\"contentUrl\":\"https:\\\/\\\/www.verbanoviaggi.com\\\/wp-content\\\/uploads\\\/2025\\\/09\\\/istanbul-300x300.webp\"},{\"@type\":\"BreadcrumbList\",\"@id\":\"https:\\\/\\\/www.verbanoviaggi.com\\\/?page_id=32245#breadcrumb\",\"itemListElement\":[{\"@type\":\"ListItem\",\"position\":1,\"name\":\"Home\",\"item\":\"https:\\\/\\\/www.verbanoviaggi.com\\\/\"},{\"@type\":\"ListItem\",\"position\":2,\"name\":\"Carrello\"}]},{\"@type\":\"WebSite\",\"@id\":\"https:\\\/\\\/www.verbanoviaggi.com\\\/#website\",\"url\":\"https:\\\/\\\/www.verbanoviaggi.com\\\/\",\"name\":\"Verbano Viaggi\",\"description\":\"La tua agenzia viaggi\",\"publisher\":{\"@id\":\"https:\\\/\\\/www.verbanoviaggi.com\\\/#organization\"},\"potentialAction\":[{\"@type\":\"SearchAction\",\"target\":{\"@type\":\"EntryPoint\",\"urlTemplate\":\"https:\\\/\\\/www.verbanoviaggi.com\\\/?s={search_term_string}\"},\"query-input\":{\"@type\":\"PropertyValueSpecification\",\"valueRequired\":true,\"valueName\":\"search_term_string\"}}],\"inLanguage\":\"it-IT\"},{\"@type\":\"Organization\",\"@id\":\"https:\\\/\\\/www.verbanoviaggi.com\\\/#organization\",\"name\":\"Verbano Viaggi\",\"url\":\"https:\\\/\\\/www.verbanoviaggi.com\\\/\",\"logo\":{\"@type\":\"ImageObject\",\"inLanguage\":\"it-IT\",\"@id\":\"https:\\\/\\\/www.verbanoviaggi.com\\\/#\\\/schema\\\/logo\\\/image\\\/\",\"url\":\"https:\\\/\\\/www.verbanoviaggi.com\\\/wp-content\\\/uploads\\\/2025\\\/10\\\/LOGO_VERBANO_VIAGGI.png\",\"contentUrl\":\"https:\\\/\\\/www.verbanoviaggi.com\\\/wp-content\\\/uploads\\\/2025\\\/10\\\/LOGO_VERBANO_VIAGGI.png\",\"width\":600,\"height\":331,\"caption\":\"Verbano Viaggi\"},\"image\":{\"@id\":\"https:\\\/\\\/www.verbanoviaggi.com\\\/#\\\/schema\\\/logo\\\/image\\\/\"},\"sameAs\":[\"https:\\\/\\\/www.facebook.com\\\/verbanoviaggi\",\"https:\\\/\\\/www.instagram.com\\\/verbanoviaggi\\\/\"]}]}<\/script>\n<!-- \/ Yoast SEO plugin. -->","yoast_head_json":{"title":"Carrello - Verbano Viaggi","robots":{"index":"noindex","follow":"follow","max-snippet":"max-snippet:-1","max-image-preview":"max-image-preview:large","max-video-preview":"max-video-preview:-1"},"og_locale":"it_IT","og_type":"article","og_title":"Carrello - Verbano Viaggi","og_description":"Prodotto Prezzo Quantit\u00e0 Subtotale ISTANBUL: Tour nella citt\u00e0 dei due continenti 899,00&nbsp;&euro; ISTANBUL: Tour nella citt\u00e0 dei due continenti quantit\u00e0 [&hellip;]","og_url":"https:\/\/www.verbanoviaggi.com\/?page_id=32245","og_site_name":"Verbano Viaggi","article_publisher":"https:\/\/www.facebook.com\/verbanoviaggi","article_modified_time":"2025-12-23T20:57:50+00:00","og_image":[{"url":"https:\/\/www.verbanoviaggi.com\/wp-content\/uploads\/2025\/09\/istanbul-300x300.webp","type":"","width":"","height":""}],"twitter_card":"summary_large_image","twitter_misc":{"Tempo di lettura stimato":"1 minuto"},"schema":{"@context":"https:\/\/schema.org","@graph":[{"@type":"WebPage","@id":"https:\/\/www.verbanoviaggi.com\/?page_id=32245","url":"https:\/\/www.verbanoviaggi.com\/?page_id=32245","name":"Carrello - Verbano Viaggi","isPartOf":{"@id":"https:\/\/www.verbanoviaggi.com\/#website"},"primaryImageOfPage":{"@id":"https:\/\/www.verbanoviaggi.com\/?page_id=32245#primaryimage"},"image":{"@id":"https:\/\/www.verbanoviaggi.com\/?page_id=32245#primaryimage"},"thumbnailUrl":"https:\/\/www.verbanoviaggi.com\/wp-content\/uploads\/2025\/09\/istanbul-300x300.webp","datePublished":"2025-12-23T09:16:18+00:00","dateModified":"2025-12-23T20:57:50+00:00","breadcrumb":{"@id":"https:\/\/www.verbanoviaggi.com\/?page_id=32245#breadcrumb"},"inLanguage":"it-IT","potentialAction":[{"@type":"ReadAction","target":["https:\/\/www.verbanoviaggi.com\/?page_id=32245"]}]},{"@type":"ImageObject","inLanguage":"it-IT","@id":"https:\/\/www.verbanoviaggi.com\/?page_id=32245#primaryimage","url":"https:\/\/www.verbanoviaggi.com\/wp-content\/uploads\/2025\/09\/istanbul-300x300.webp","contentUrl":"https:\/\/www.verbanoviaggi.com\/wp-content\/uploads\/2025\/09\/istanbul-300x300.webp"},{"@type":"BreadcrumbList","@id":"https:\/\/www.verbanoviaggi.com\/?page_id=32245#breadcrumb","itemListElement":[{"@type":"ListItem","position":1,"name":"Home","item":"https:\/\/www.verbanoviaggi.com\/"},{"@type":"ListItem","position":2,"name":"Carrello"}]},{"@type":"WebSite","@id":"https:\/\/www.verbanoviaggi.com\/#website","url":"https:\/\/www.verbanoviaggi.com\/","name":"Verbano Viaggi","description":"La tua agenzia viaggi","publisher":{"@id":"https:\/\/www.verbanoviaggi.com\/#organization"},"potentialAction":[{"@type":"SearchAction","target":{"@type":"EntryPoint","urlTemplate":"https:\/\/www.verbanoviaggi.com\/?s={search_term_string}"},"query-input":{"@type":"PropertyValueSpecification","valueRequired":true,"valueName":"search_term_string"}}],"inLanguage":"it-IT"},{"@type":"Organization","@id":"https:\/\/www.verbanoviaggi.com\/#organization","name":"Verbano Viaggi","url":"https:\/\/www.verbanoviaggi.com\/","logo":{"@type":"ImageObject","inLanguage":"it-IT","@id":"https:\/\/www.verbanoviaggi.com\/#\/schema\/logo\/image\/","url":"https:\/\/www.verbanoviaggi.com\/wp-content\/uploads\/2025\/10\/LOGO_VERBANO_VIAGGI.png","contentUrl":"https:\/\/www.verbanoviaggi.com\/wp-content\/uploads\/2025\/10\/LOGO_VERBANO_VIAGGI.png","width":600,"height":331,"caption":"Verbano Viaggi"},"image":{"@id":"https:\/\/www.verbanoviaggi.com\/#\/schema\/logo\/image\/"},"sameAs":["https:\/\/www.facebook.com\/verbanoviaggi","https:\/\/www.instagram.com\/verbanoviaggi\/"]}]}},"_links":{"self":[{"href":"https:\/\/www.verbanoviaggi.com\/index.php?rest_route=\/wp\/v2\/pages\/32245","targetHints":{"allow":["GET"]}}],"collection":[{"href":"https:\/\/www.verbanoviaggi.com\/index.php?rest_route=\/wp\/v2\/pages"}],"about":[{"href":"https:\/\/www.verbanoviaggi.com\/index.php?rest_route=\/wp\/v2\/types\/page"}],"author":[{"embeddable":true,"href":"https:\/\/www.verbanoviaggi.com\/index.php?rest_route=\/wp\/v2\/users\/3"}],"replies":[{"embeddable":true,"href":"https:\/\/www.verbanoviaggi.com\/index.php?rest_route=%2Fwp%2Fv2%2Fcomments&post=32245"}],"version-history":[{"count":23,"href":"https:\/\/www.verbanoviaggi.com\/index.php?rest_route=\/wp\/v2\/pages\/32245\/revisions"}],"predecessor-version":[{"id":32325,"href":"https:\/\/www.verbanoviaggi.com\/index.php?rest_route=\/wp\/v2\/pages\/32245\/revisions\/32325"}],"wp:attachment":[{"href":"https:\/\/www.verbanoviaggi.com\/index.php?rest_route=%2Fwp%2Fv2%2Fmedia&parent=32245"}],"curies":[{"name":"wp","href":"https:\/\/api.w.org\/{rel}","templated":true}]}}