{"id":113,"date":"2010-12-14T17:54:58","date_gmt":"2010-12-14T16:54:58","guid":{"rendered":"http:\/\/verbanoviaggi.com\/?p=113"},"modified":"2026-04-10T19:14:22","modified_gmt":"2026-04-10T17:14:22","slug":"il-grande-giro-dei-tre-laghi","status":"publish","type":"product","link":"https:\/\/www.verbanoviaggi.com\/?product=il-grande-giro-dei-tre-laghi","title":{"rendered":"Il Grande giro dei tre Laghi"},"content":{"rendered":"<p class=\"p1\"><span class=\"s1\">MARTED\u00cc<\/span><\/p>\n<p class=\"p1\"><span class=\"s1\">IL GRANDE GIRO DEI TRE LAGHI<\/span><\/p>\n<p class=\"p1\"><span class=\"s1\">Tre fra i pi\u00f9 bei laghi d\u2019Europa in un solo giorno! Seguendo la strada che costeggia il Lago Maggiore si giunge in Svizzera dove, come prima fermata di un\u2019ora circa a Lugano, sita sul proprio lago. Si continuer\u00e0, passando dalla parte nord del lago, per il lago di Como, Sosta a Tremezzo e possibilit\u00e0 di andare a Bellagio. Proseguimento per la citt\u00e0 di Como, citt\u00e0 culturale e forse la pi\u00f9 importante su questo lago perch\u00e9 \u201ccuore\u201d dell\u2019industria della seta. Ci si fermer\u00e0 per circa un\u2019ora per visitare la cattedrale e il centro storico. Rientro in autostrada.<\/span><\/p>\n","protected":false},"excerpt":{"rendered":"<p><strong>Ogni Marted\u00ec | in bus<\/strong><\/p>\n","protected":false},"featured_media":22232,"comment_status":"closed","ping_status":"closed","template":"","meta":{"_acf_changed":false,"site-sidebar-layout":"default","site-content-layout":"","ast-site-content-layout":"default","site-content-style":"default","site-sidebar-style":"default","ast-global-header-display":"","ast-banner-title-visibility":"","ast-main-header-display":"","ast-hfb-above-header-display":"","ast-hfb-below-header-display":"","ast-hfb-mobile-header-display":"","site-post-title":"","ast-breadcrumbs-content":"","ast-featured-img":"","footer-sml-layout":"","ast-disable-related-posts":"","theme-transparent-header-meta":"default","adv-header-id-meta":"","stick-header-meta":"","header-above-stick-meta":"","header-main-stick-meta":"","header-below-stick-meta":"","astra-migrate-meta-layouts":"set","ast-page-background-enabled":"default","ast-page-background-meta":{"desktop":{"background-color":"var(--ast-global-color-5)","background-image":"","background-repeat":"repeat","background-position":"center center","background-size":"auto","background-attachment":"scroll","background-type":"","background-media":"","overlay-type":"","overlay-color":"","overlay-opacity":"","overlay-gradient":""},"tablet":{"background-color":"","background-image":"","background-repeat":"repeat","background-position":"center center","background-size":"auto","background-attachment":"scroll","background-type":"","background-media":"","overlay-type":"","overlay-color":"","overlay-opacity":"","overlay-gradient":""},"mobile":{"background-color":"","background-image":"","background-repeat":"repeat","background-position":"center center","background-size":"auto","background-attachment":"scroll","background-type":"","background-media":"","overlay-type":"","overlay-color":"","overlay-opacity":"","overlay-gradient":""}},"ast-content-background-meta":{"desktop":{"background-color":"var(--ast-global-color-4)","background-image":"","background-repeat":"repeat","background-position":"center center","background-size":"auto","background-attachment":"scroll","background-type":"","background-media":"","overlay-type":"","overlay-color":"","overlay-opacity":"","overlay-gradient":""},"tablet":{"background-color":"var(--ast-global-color-4)","background-image":"","background-repeat":"repeat","background-position":"center center","background-size":"auto","background-attachment":"scroll","background-type":"","background-media":"","overlay-type":"","overlay-color":"","overlay-opacity":"","overlay-gradient":""},"mobile":{"background-color":"var(--ast-global-color-4)","background-image":"","background-repeat":"repeat","background-position":"center center","background-size":"auto","background-attachment":"scroll","background-type":"","background-media":"","overlay-type":"","overlay-color":"","overlay-opacity":"","overlay-gradient":""}}},"product_brand":[],"product_cat":[80],"product_tag":[],"class_list":{"0":"post-113","1":"product","2":"type-product","3":"status-publish","4":"has-post-thumbnail","6":"product_cat-cosa-fare-sul-lago-maggiore-e-dintorni","7":"desktop-align-left","8":"tablet-align-left","9":"mobile-align-left","11":"first","12":"instock","13":"shipping-taxable","14":"purchasable","15":"product-type-simple"},"acf":[],"yoast_head":"<!-- This site is optimized with the Yoast SEO plugin v27.4 - https:\/\/yoast.com\/product\/yoast-seo-wordpress\/ -->\n<title>Il Grande giro dei tre Laghi - Verbano Viaggi<\/title>\n<meta name=\"robots\" content=\"noindex, follow, max-snippet:-1, max-image-preview:large, max-video-preview:-1\" \/>\n<meta property=\"og:locale\" content=\"it_IT\" \/>\n<meta property=\"og:type\" content=\"article\" \/>\n<meta property=\"og:title\" content=\"Il Grande giro dei tre Laghi - Verbano Viaggi\" \/>\n<meta property=\"og:description\" content=\"Ogni Marted\u00ec | in bus\" \/>\n<meta property=\"og:url\" content=\"https:\/\/www.verbanoviaggi.com\/?product=il-grande-giro-dei-tre-laghi\" \/>\n<meta property=\"og:site_name\" content=\"Verbano Viaggi\" \/>\n<meta property=\"article:publisher\" content=\"https:\/\/www.facebook.com\/verbanoviaggi\" \/>\n<meta property=\"article:modified_time\" content=\"2026-04-10T17:14:22+00:00\" \/>\n<meta property=\"og:image\" content=\"https:\/\/www.verbanoviaggi.com\/wp-content\/uploads\/2018\/12\/fLwAAOSwuTxWCUy7_100.jpg\" \/>\n\t<meta property=\"og:image:width\" content=\"1600\" \/>\n\t<meta property=\"og:image:height\" content=\"1110\" \/>\n\t<meta property=\"og:image:type\" content=\"image\/jpeg\" \/>\n<meta name=\"twitter:card\" content=\"summary_large_image\" \/>\n<meta name=\"twitter:label1\" content=\"Tempo di lettura stimato\" \/>\n\t<meta name=\"twitter:data1\" content=\"1 minuto\" \/>\n<script type=\"application\/ld+json\" class=\"yoast-schema-graph\">{\"@context\":\"https:\\\/\\\/schema.org\",\"@graph\":[{\"@type\":\"WebPage\",\"@id\":\"https:\\\/\\\/www.verbanoviaggi.com\\\/?product=il-grande-giro-dei-tre-laghi\",\"url\":\"https:\\\/\\\/www.verbanoviaggi.com\\\/?product=il-grande-giro-dei-tre-laghi\",\"name\":\"Il Grande giro dei tre Laghi - Verbano Viaggi\",\"isPartOf\":{\"@id\":\"https:\\\/\\\/www.verbanoviaggi.com\\\/#website\"},\"primaryImageOfPage\":{\"@id\":\"https:\\\/\\\/www.verbanoviaggi.com\\\/?product=il-grande-giro-dei-tre-laghi#primaryimage\"},\"image\":{\"@id\":\"https:\\\/\\\/www.verbanoviaggi.com\\\/?product=il-grande-giro-dei-tre-laghi#primaryimage\"},\"thumbnailUrl\":\"https:\\\/\\\/www.verbanoviaggi.com\\\/wp-content\\\/uploads\\\/2018\\\/12\\\/fLwAAOSwuTxWCUy7_100.jpg\",\"datePublished\":\"2010-12-14T16:54:58+00:00\",\"dateModified\":\"2026-04-10T17:14:22+00:00\",\"breadcrumb\":{\"@id\":\"https:\\\/\\\/www.verbanoviaggi.com\\\/?product=il-grande-giro-dei-tre-laghi#breadcrumb\"},\"inLanguage\":\"it-IT\",\"potentialAction\":[{\"@type\":\"ReadAction\",\"target\":[\"https:\\\/\\\/www.verbanoviaggi.com\\\/?product=il-grande-giro-dei-tre-laghi\"]}]},{\"@type\":\"ImageObject\",\"inLanguage\":\"it-IT\",\"@id\":\"https:\\\/\\\/www.verbanoviaggi.com\\\/?product=il-grande-giro-dei-tre-laghi#primaryimage\",\"url\":\"https:\\\/\\\/www.verbanoviaggi.com\\\/wp-content\\\/uploads\\\/2018\\\/12\\\/fLwAAOSwuTxWCUy7_100.jpg\",\"contentUrl\":\"https:\\\/\\\/www.verbanoviaggi.com\\\/wp-content\\\/uploads\\\/2018\\\/12\\\/fLwAAOSwuTxWCUy7_100.jpg\",\"width\":1600,\"height\":1110},{\"@type\":\"BreadcrumbList\",\"@id\":\"https:\\\/\\\/www.verbanoviaggi.com\\\/?product=il-grande-giro-dei-tre-laghi#breadcrumb\",\"itemListElement\":[{\"@type\":\"ListItem\",\"position\":1,\"name\":\"Home\",\"item\":\"https:\\\/\\\/www.verbanoviaggi.com\\\/\"},{\"@type\":\"ListItem\",\"position\":2,\"name\":\"Products\",\"item\":\"https:\\\/\\\/www.verbanoviaggi.com\\\/?page_id=31085\"},{\"@type\":\"ListItem\",\"position\":3,\"name\":\"Il Grande giro dei tre Laghi\"}]},{\"@type\":\"WebSite\",\"@id\":\"https:\\\/\\\/www.verbanoviaggi.com\\\/#website\",\"url\":\"https:\\\/\\\/www.verbanoviaggi.com\\\/\",\"name\":\"Verbano Viaggi\",\"description\":\"La tua agenzia viaggi\",\"publisher\":{\"@id\":\"https:\\\/\\\/www.verbanoviaggi.com\\\/#organization\"},\"potentialAction\":[{\"@type\":\"SearchAction\",\"target\":{\"@type\":\"EntryPoint\",\"urlTemplate\":\"https:\\\/\\\/www.verbanoviaggi.com\\\/?s={search_term_string}\"},\"query-input\":{\"@type\":\"PropertyValueSpecification\",\"valueRequired\":true,\"valueName\":\"search_term_string\"}}],\"inLanguage\":\"it-IT\"},{\"@type\":\"Organization\",\"@id\":\"https:\\\/\\\/www.verbanoviaggi.com\\\/#organization\",\"name\":\"Verbano Viaggi\",\"url\":\"https:\\\/\\\/www.verbanoviaggi.com\\\/\",\"logo\":{\"@type\":\"ImageObject\",\"inLanguage\":\"it-IT\",\"@id\":\"https:\\\/\\\/www.verbanoviaggi.com\\\/#\\\/schema\\\/logo\\\/image\\\/\",\"url\":\"https:\\\/\\\/www.verbanoviaggi.com\\\/wp-content\\\/uploads\\\/2025\\\/10\\\/LOGO_VERBANO_VIAGGI.png\",\"contentUrl\":\"https:\\\/\\\/www.verbanoviaggi.com\\\/wp-content\\\/uploads\\\/2025\\\/10\\\/LOGO_VERBANO_VIAGGI.png\",\"width\":600,\"height\":331,\"caption\":\"Verbano Viaggi\"},\"image\":{\"@id\":\"https:\\\/\\\/www.verbanoviaggi.com\\\/#\\\/schema\\\/logo\\\/image\\\/\"},\"sameAs\":[\"https:\\\/\\\/www.facebook.com\\\/verbanoviaggi\",\"https:\\\/\\\/www.instagram.com\\\/verbanoviaggi\\\/\"]}]}<\/script>\n<!-- \/ Yoast SEO plugin. -->","yoast_head_json":{"title":"Il Grande giro dei tre Laghi - Verbano Viaggi","robots":{"index":"noindex","follow":"follow","max-snippet":"max-snippet:-1","max-image-preview":"max-image-preview:large","max-video-preview":"max-video-preview:-1"},"og_locale":"it_IT","og_type":"article","og_title":"Il Grande giro dei tre Laghi - Verbano Viaggi","og_description":"Ogni Marted\u00ec | in bus","og_url":"https:\/\/www.verbanoviaggi.com\/?product=il-grande-giro-dei-tre-laghi","og_site_name":"Verbano Viaggi","article_publisher":"https:\/\/www.facebook.com\/verbanoviaggi","article_modified_time":"2026-04-10T17:14:22+00:00","og_image":[{"width":1600,"height":1110,"url":"https:\/\/www.verbanoviaggi.com\/wp-content\/uploads\/2018\/12\/fLwAAOSwuTxWCUy7_100.jpg","type":"image\/jpeg"}],"twitter_card":"summary_large_image","twitter_misc":{"Tempo di lettura stimato":"1 minuto"},"schema":{"@context":"https:\/\/schema.org","@graph":[{"@type":"WebPage","@id":"https:\/\/www.verbanoviaggi.com\/?product=il-grande-giro-dei-tre-laghi","url":"https:\/\/www.verbanoviaggi.com\/?product=il-grande-giro-dei-tre-laghi","name":"Il Grande giro dei tre Laghi - Verbano Viaggi","isPartOf":{"@id":"https:\/\/www.verbanoviaggi.com\/#website"},"primaryImageOfPage":{"@id":"https:\/\/www.verbanoviaggi.com\/?product=il-grande-giro-dei-tre-laghi#primaryimage"},"image":{"@id":"https:\/\/www.verbanoviaggi.com\/?product=il-grande-giro-dei-tre-laghi#primaryimage"},"thumbnailUrl":"https:\/\/www.verbanoviaggi.com\/wp-content\/uploads\/2018\/12\/fLwAAOSwuTxWCUy7_100.jpg","datePublished":"2010-12-14T16:54:58+00:00","dateModified":"2026-04-10T17:14:22+00:00","breadcrumb":{"@id":"https:\/\/www.verbanoviaggi.com\/?product=il-grande-giro-dei-tre-laghi#breadcrumb"},"inLanguage":"it-IT","potentialAction":[{"@type":"ReadAction","target":["https:\/\/www.verbanoviaggi.com\/?product=il-grande-giro-dei-tre-laghi"]}]},{"@type":"ImageObject","inLanguage":"it-IT","@id":"https:\/\/www.verbanoviaggi.com\/?product=il-grande-giro-dei-tre-laghi#primaryimage","url":"https:\/\/www.verbanoviaggi.com\/wp-content\/uploads\/2018\/12\/fLwAAOSwuTxWCUy7_100.jpg","contentUrl":"https:\/\/www.verbanoviaggi.com\/wp-content\/uploads\/2018\/12\/fLwAAOSwuTxWCUy7_100.jpg","width":1600,"height":1110},{"@type":"BreadcrumbList","@id":"https:\/\/www.verbanoviaggi.com\/?product=il-grande-giro-dei-tre-laghi#breadcrumb","itemListElement":[{"@type":"ListItem","position":1,"name":"Home","item":"https:\/\/www.verbanoviaggi.com\/"},{"@type":"ListItem","position":2,"name":"Products","item":"https:\/\/www.verbanoviaggi.com\/?page_id=31085"},{"@type":"ListItem","position":3,"name":"Il Grande giro dei tre Laghi"}]},{"@type":"WebSite","@id":"https:\/\/www.verbanoviaggi.com\/#website","url":"https:\/\/www.verbanoviaggi.com\/","name":"Verbano Viaggi","description":"La tua agenzia viaggi","publisher":{"@id":"https:\/\/www.verbanoviaggi.com\/#organization"},"potentialAction":[{"@type":"SearchAction","target":{"@type":"EntryPoint","urlTemplate":"https:\/\/www.verbanoviaggi.com\/?s={search_term_string}"},"query-input":{"@type":"PropertyValueSpecification","valueRequired":true,"valueName":"search_term_string"}}],"inLanguage":"it-IT"},{"@type":"Organization","@id":"https:\/\/www.verbanoviaggi.com\/#organization","name":"Verbano Viaggi","url":"https:\/\/www.verbanoviaggi.com\/","logo":{"@type":"ImageObject","inLanguage":"it-IT","@id":"https:\/\/www.verbanoviaggi.com\/#\/schema\/logo\/image\/","url":"https:\/\/www.verbanoviaggi.com\/wp-content\/uploads\/2025\/10\/LOGO_VERBANO_VIAGGI.png","contentUrl":"https:\/\/www.verbanoviaggi.com\/wp-content\/uploads\/2025\/10\/LOGO_VERBANO_VIAGGI.png","width":600,"height":331,"caption":"Verbano Viaggi"},"image":{"@id":"https:\/\/www.verbanoviaggi.com\/#\/schema\/logo\/image\/"},"sameAs":["https:\/\/www.facebook.com\/verbanoviaggi","https:\/\/www.instagram.com\/verbanoviaggi\/"]}]}},"_links":{"self":[{"href":"https:\/\/www.verbanoviaggi.com\/index.php?rest_route=\/wp\/v2\/product\/113","targetHints":{"allow":["GET"]}}],"collection":[{"href":"https:\/\/www.verbanoviaggi.com\/index.php?rest_route=\/wp\/v2\/product"}],"about":[{"href":"https:\/\/www.verbanoviaggi.com\/index.php?rest_route=\/wp\/v2\/types\/product"}],"replies":[{"embeddable":true,"href":"https:\/\/www.verbanoviaggi.com\/index.php?rest_route=%2Fwp%2Fv2%2Fcomments&post=113"}],"version-history":[{"count":7,"href":"https:\/\/www.verbanoviaggi.com\/index.php?rest_route=\/wp\/v2\/product\/113\/revisions"}],"predecessor-version":[{"id":33713,"href":"https:\/\/www.verbanoviaggi.com\/index.php?rest_route=\/wp\/v2\/product\/113\/revisions\/33713"}],"wp:featuredmedia":[{"embeddable":true,"href":"https:\/\/www.verbanoviaggi.com\/index.php?rest_route=\/wp\/v2\/media\/22232"}],"wp:attachment":[{"href":"https:\/\/www.verbanoviaggi.com\/index.php?rest_route=%2Fwp%2Fv2%2Fmedia&parent=113"}],"wp:term":[{"taxonomy":"product_brand","embeddable":true,"href":"https:\/\/www.verbanoviaggi.com\/index.php?rest_route=%2Fwp%2Fv2%2Fproduct_brand&post=113"},{"taxonomy":"product_cat","embeddable":true,"href":"https:\/\/www.verbanoviaggi.com\/index.php?rest_route=%2Fwp%2Fv2%2Fproduct_cat&post=113"},{"taxonomy":"product_tag","embeddable":true,"href":"https:\/\/www.verbanoviaggi.com\/index.php?rest_route=%2Fwp%2Fv2%2Fproduct_tag&post=113"}],"curies":[{"name":"wp","href":"https:\/\/api.w.org\/{rel}","templated":true}]}}