{"id":120,"date":"2010-12-14T17:58:00","date_gmt":"2010-12-14T16:58:00","guid":{"rendered":"http:\/\/verbanoviaggi.com\/?p=120"},"modified":"2026-04-10T19:20:16","modified_gmt":"2026-04-10T17:20:16","slug":"milano","status":"publish","type":"product","link":"https:\/\/www.verbanoviaggi.com\/?product=milano","title":{"rendered":"Milano"},"content":{"rendered":"<h1 class=\"p1\">MILANO IN GIORNATA<\/h1>\n<p><span class=\"s1\">VENERDI\u2019<\/span><\/p>\n<p class=\"p1\">Un\u2019escursione nella capitale della Lombardia! Non solo la capitale finanziaria ed industriale dell&#8217;Italia, ma anche una citt\u00e0 ricca di tesori d&#8217;arte e di testimonianze storiche, non tutte sufficientemente conosciute da molti visitatori troppo frettolosi.<br \/>\nUna visita alla Milano storica e artistica accompagnata da una guida esperta che si incontrer\u00e0 direttamente in citt\u00e0, riveler\u00e0 aspetti insospettati di grande interesse. Visita del centro a piedi dove sar\u00e0 possibile notare le differenze tra la parte antica della citt\u00e0 e la parte moderna costruita dopo la guerra.<br \/>\nLa storia di Milano accoglie numerosi edifici storici come l\u2019immenso Castello Sforza, dimora storica dell\u2019omonima famiglia, il Cimitero monumentale, il celebre teatro della Scala, la Galleria Vittorio Emanuele II e il famosissimo Duomo in stile gotico e ormai simbolo di Milano.<br \/>\nDopo la visita guidata a disposizione del tempo libero nel pomeriggio per visite individuali a luoghi di particolare interesse oppure tempo dedicato per un\u2019altra importante attivit\u00e0 milanese, lo shopping. Ritrovo per la partenza alle ore 16.30 circa.<br \/>\nPartenza ore 08.25 \/ Arrivo ore 18.00<\/p>\n<p class=\"p1\">\n","protected":false},"excerpt":{"rendered":"<p>MILANO IN GIORNATA VENERDI\u2019 Un\u2019escursione nella capitale della Lombardia! Non solo la capitale finanziaria ed industriale dell&#8217;Italia, ma anche una [&hellip;]<\/p>\n","protected":false},"featured_media":17646,"comment_status":"closed","ping_status":"closed","template":"","meta":{"_acf_changed":false,"site-sidebar-layout":"default","site-content-layout":"","ast-site-content-layout":"default","site-content-style":"default","site-sidebar-style":"default","ast-global-header-display":"","ast-banner-title-visibility":"","ast-main-header-display":"","ast-hfb-above-header-display":"","ast-hfb-below-header-display":"","ast-hfb-mobile-header-display":"","site-post-title":"","ast-breadcrumbs-content":"","ast-featured-img":"","footer-sml-layout":"","ast-disable-related-posts":"","theme-transparent-header-meta":"default","adv-header-id-meta":"","stick-header-meta":"","header-above-stick-meta":"","header-main-stick-meta":"","header-below-stick-meta":"","astra-migrate-meta-layouts":"set","ast-page-background-enabled":"default","ast-page-background-meta":{"desktop":{"background-color":"var(--ast-global-color-5)","background-image":"","background-repeat":"repeat","background-position":"center center","background-size":"auto","background-attachment":"scroll","background-type":"","background-media":"","overlay-type":"","overlay-color":"","overlay-opacity":"","overlay-gradient":""},"tablet":{"background-color":"","background-image":"","background-repeat":"repeat","background-position":"center center","background-size":"auto","background-attachment":"scroll","background-type":"","background-media":"","overlay-type":"","overlay-color":"","overlay-opacity":"","overlay-gradient":""},"mobile":{"background-color":"","background-image":"","background-repeat":"repeat","background-position":"center center","background-size":"auto","background-attachment":"scroll","background-type":"","background-media":"","overlay-type":"","overlay-color":"","overlay-opacity":"","overlay-gradient":""}},"ast-content-background-meta":{"desktop":{"background-color":"var(--ast-global-color-4)","background-image":"","background-repeat":"repeat","background-position":"center center","background-size":"auto","background-attachment":"scroll","background-type":"","background-media":"","overlay-type":"","overlay-color":"","overlay-opacity":"","overlay-gradient":""},"tablet":{"background-color":"var(--ast-global-color-4)","background-image":"","background-repeat":"repeat","background-position":"center center","background-size":"auto","background-attachment":"scroll","background-type":"","background-media":"","overlay-type":"","overlay-color":"","overlay-opacity":"","overlay-gradient":""},"mobile":{"background-color":"var(--ast-global-color-4)","background-image":"","background-repeat":"repeat","background-position":"center center","background-size":"auto","background-attachment":"scroll","background-type":"","background-media":"","overlay-type":"","overlay-color":"","overlay-opacity":"","overlay-gradient":""}}},"product_brand":[],"product_cat":[80],"product_tag":[],"class_list":{"0":"post-120","1":"product","2":"type-product","3":"status-publish","4":"has-post-thumbnail","6":"product_cat-cosa-fare-sul-lago-maggiore-e-dintorni","7":"desktop-align-left","8":"tablet-align-left","9":"mobile-align-left","11":"first","12":"instock","13":"shipping-taxable","14":"product-type-simple"},"acf":[],"yoast_head":"<!-- This site is optimized with the Yoast SEO plugin v27.4 - https:\/\/yoast.com\/product\/yoast-seo-wordpress\/ -->\n<title>Milano - Verbano Viaggi<\/title>\n<meta name=\"robots\" content=\"noindex, follow, max-snippet:-1, max-image-preview:large, max-video-preview:-1\" \/>\n<meta property=\"og:locale\" content=\"it_IT\" \/>\n<meta property=\"og:type\" content=\"article\" \/>\n<meta property=\"og:title\" content=\"Milano - Verbano Viaggi\" \/>\n<meta property=\"og:description\" content=\"MILANO IN GIORNATA VENERDI\u2019 Un\u2019escursione nella capitale della Lombardia! Non solo la capitale finanziaria ed industriale dell&#8217;Italia, ma anche una [&hellip;]\" \/>\n<meta property=\"og:url\" content=\"https:\/\/www.verbanoviaggi.com\/?product=milano\" \/>\n<meta property=\"og:site_name\" content=\"Verbano Viaggi\" \/>\n<meta property=\"article:publisher\" content=\"https:\/\/www.facebook.com\/verbanoviaggi\" \/>\n<meta property=\"article:modified_time\" content=\"2026-04-10T17:20:16+00:00\" \/>\n<meta property=\"og:image\" content=\"https:\/\/www.verbanoviaggi.com\/wp-content\/uploads\/2010\/12\/milano-escrusione-da-baveno-stresa.jpg\" \/>\n\t<meta property=\"og:image:width\" content=\"630\" \/>\n\t<meta property=\"og:image:height\" content=\"366\" \/>\n\t<meta property=\"og:image:type\" content=\"image\/jpeg\" \/>\n<meta name=\"twitter:card\" content=\"summary_large_image\" \/>\n<meta name=\"twitter:label1\" content=\"Tempo di lettura stimato\" \/>\n\t<meta name=\"twitter:data1\" content=\"2 minuti\" \/>\n<script type=\"application\/ld+json\" class=\"yoast-schema-graph\">{\"@context\":\"https:\\\/\\\/schema.org\",\"@graph\":[{\"@type\":\"WebPage\",\"@id\":\"https:\\\/\\\/www.verbanoviaggi.com\\\/?product=milano\",\"url\":\"https:\\\/\\\/www.verbanoviaggi.com\\\/?product=milano\",\"name\":\"Milano - Verbano Viaggi\",\"isPartOf\":{\"@id\":\"https:\\\/\\\/www.verbanoviaggi.com\\\/#website\"},\"primaryImageOfPage\":{\"@id\":\"https:\\\/\\\/www.verbanoviaggi.com\\\/?product=milano#primaryimage\"},\"image\":{\"@id\":\"https:\\\/\\\/www.verbanoviaggi.com\\\/?product=milano#primaryimage\"},\"thumbnailUrl\":\"https:\\\/\\\/www.verbanoviaggi.com\\\/wp-content\\\/uploads\\\/2010\\\/12\\\/milano-escrusione-da-baveno-stresa.jpg\",\"datePublished\":\"2010-12-14T16:58:00+00:00\",\"dateModified\":\"2026-04-10T17:20:16+00:00\",\"breadcrumb\":{\"@id\":\"https:\\\/\\\/www.verbanoviaggi.com\\\/?product=milano#breadcrumb\"},\"inLanguage\":\"it-IT\",\"potentialAction\":[{\"@type\":\"ReadAction\",\"target\":[\"https:\\\/\\\/www.verbanoviaggi.com\\\/?product=milano\"]}]},{\"@type\":\"ImageObject\",\"inLanguage\":\"it-IT\",\"@id\":\"https:\\\/\\\/www.verbanoviaggi.com\\\/?product=milano#primaryimage\",\"url\":\"https:\\\/\\\/www.verbanoviaggi.com\\\/wp-content\\\/uploads\\\/2010\\\/12\\\/milano-escrusione-da-baveno-stresa.jpg\",\"contentUrl\":\"https:\\\/\\\/www.verbanoviaggi.com\\\/wp-content\\\/uploads\\\/2010\\\/12\\\/milano-escrusione-da-baveno-stresa.jpg\",\"width\":630,\"height\":366},{\"@type\":\"BreadcrumbList\",\"@id\":\"https:\\\/\\\/www.verbanoviaggi.com\\\/?product=milano#breadcrumb\",\"itemListElement\":[{\"@type\":\"ListItem\",\"position\":1,\"name\":\"Home\",\"item\":\"https:\\\/\\\/www.verbanoviaggi.com\\\/\"},{\"@type\":\"ListItem\",\"position\":2,\"name\":\"Products\",\"item\":\"https:\\\/\\\/www.verbanoviaggi.com\\\/?page_id=31085\"},{\"@type\":\"ListItem\",\"position\":3,\"name\":\"Milano\"}]},{\"@type\":\"WebSite\",\"@id\":\"https:\\\/\\\/www.verbanoviaggi.com\\\/#website\",\"url\":\"https:\\\/\\\/www.verbanoviaggi.com\\\/\",\"name\":\"Verbano Viaggi\",\"description\":\"La tua agenzia viaggi\",\"publisher\":{\"@id\":\"https:\\\/\\\/www.verbanoviaggi.com\\\/#organization\"},\"potentialAction\":[{\"@type\":\"SearchAction\",\"target\":{\"@type\":\"EntryPoint\",\"urlTemplate\":\"https:\\\/\\\/www.verbanoviaggi.com\\\/?s={search_term_string}\"},\"query-input\":{\"@type\":\"PropertyValueSpecification\",\"valueRequired\":true,\"valueName\":\"search_term_string\"}}],\"inLanguage\":\"it-IT\"},{\"@type\":\"Organization\",\"@id\":\"https:\\\/\\\/www.verbanoviaggi.com\\\/#organization\",\"name\":\"Verbano Viaggi\",\"url\":\"https:\\\/\\\/www.verbanoviaggi.com\\\/\",\"logo\":{\"@type\":\"ImageObject\",\"inLanguage\":\"it-IT\",\"@id\":\"https:\\\/\\\/www.verbanoviaggi.com\\\/#\\\/schema\\\/logo\\\/image\\\/\",\"url\":\"https:\\\/\\\/www.verbanoviaggi.com\\\/wp-content\\\/uploads\\\/2025\\\/10\\\/LOGO_VERBANO_VIAGGI.png\",\"contentUrl\":\"https:\\\/\\\/www.verbanoviaggi.com\\\/wp-content\\\/uploads\\\/2025\\\/10\\\/LOGO_VERBANO_VIAGGI.png\",\"width\":600,\"height\":331,\"caption\":\"Verbano Viaggi\"},\"image\":{\"@id\":\"https:\\\/\\\/www.verbanoviaggi.com\\\/#\\\/schema\\\/logo\\\/image\\\/\"},\"sameAs\":[\"https:\\\/\\\/www.facebook.com\\\/verbanoviaggi\",\"https:\\\/\\\/www.instagram.com\\\/verbanoviaggi\\\/\"]}]}<\/script>\n<!-- \/ Yoast SEO plugin. -->","yoast_head_json":{"title":"Milano - Verbano Viaggi","robots":{"index":"noindex","follow":"follow","max-snippet":"max-snippet:-1","max-image-preview":"max-image-preview:large","max-video-preview":"max-video-preview:-1"},"og_locale":"it_IT","og_type":"article","og_title":"Milano - Verbano Viaggi","og_description":"MILANO IN GIORNATA VENERDI\u2019 Un\u2019escursione nella capitale della Lombardia! Non solo la capitale finanziaria ed industriale dell&#8217;Italia, ma anche una [&hellip;]","og_url":"https:\/\/www.verbanoviaggi.com\/?product=milano","og_site_name":"Verbano Viaggi","article_publisher":"https:\/\/www.facebook.com\/verbanoviaggi","article_modified_time":"2026-04-10T17:20:16+00:00","og_image":[{"width":630,"height":366,"url":"https:\/\/www.verbanoviaggi.com\/wp-content\/uploads\/2010\/12\/milano-escrusione-da-baveno-stresa.jpg","type":"image\/jpeg"}],"twitter_card":"summary_large_image","twitter_misc":{"Tempo di lettura stimato":"2 minuti"},"schema":{"@context":"https:\/\/schema.org","@graph":[{"@type":"WebPage","@id":"https:\/\/www.verbanoviaggi.com\/?product=milano","url":"https:\/\/www.verbanoviaggi.com\/?product=milano","name":"Milano - Verbano Viaggi","isPartOf":{"@id":"https:\/\/www.verbanoviaggi.com\/#website"},"primaryImageOfPage":{"@id":"https:\/\/www.verbanoviaggi.com\/?product=milano#primaryimage"},"image":{"@id":"https:\/\/www.verbanoviaggi.com\/?product=milano#primaryimage"},"thumbnailUrl":"https:\/\/www.verbanoviaggi.com\/wp-content\/uploads\/2010\/12\/milano-escrusione-da-baveno-stresa.jpg","datePublished":"2010-12-14T16:58:00+00:00","dateModified":"2026-04-10T17:20:16+00:00","breadcrumb":{"@id":"https:\/\/www.verbanoviaggi.com\/?product=milano#breadcrumb"},"inLanguage":"it-IT","potentialAction":[{"@type":"ReadAction","target":["https:\/\/www.verbanoviaggi.com\/?product=milano"]}]},{"@type":"ImageObject","inLanguage":"it-IT","@id":"https:\/\/www.verbanoviaggi.com\/?product=milano#primaryimage","url":"https:\/\/www.verbanoviaggi.com\/wp-content\/uploads\/2010\/12\/milano-escrusione-da-baveno-stresa.jpg","contentUrl":"https:\/\/www.verbanoviaggi.com\/wp-content\/uploads\/2010\/12\/milano-escrusione-da-baveno-stresa.jpg","width":630,"height":366},{"@type":"BreadcrumbList","@id":"https:\/\/www.verbanoviaggi.com\/?product=milano#breadcrumb","itemListElement":[{"@type":"ListItem","position":1,"name":"Home","item":"https:\/\/www.verbanoviaggi.com\/"},{"@type":"ListItem","position":2,"name":"Products","item":"https:\/\/www.verbanoviaggi.com\/?page_id=31085"},{"@type":"ListItem","position":3,"name":"Milano"}]},{"@type":"WebSite","@id":"https:\/\/www.verbanoviaggi.com\/#website","url":"https:\/\/www.verbanoviaggi.com\/","name":"Verbano Viaggi","description":"La tua agenzia viaggi","publisher":{"@id":"https:\/\/www.verbanoviaggi.com\/#organization"},"potentialAction":[{"@type":"SearchAction","target":{"@type":"EntryPoint","urlTemplate":"https:\/\/www.verbanoviaggi.com\/?s={search_term_string}"},"query-input":{"@type":"PropertyValueSpecification","valueRequired":true,"valueName":"search_term_string"}}],"inLanguage":"it-IT"},{"@type":"Organization","@id":"https:\/\/www.verbanoviaggi.com\/#organization","name":"Verbano Viaggi","url":"https:\/\/www.verbanoviaggi.com\/","logo":{"@type":"ImageObject","inLanguage":"it-IT","@id":"https:\/\/www.verbanoviaggi.com\/#\/schema\/logo\/image\/","url":"https:\/\/www.verbanoviaggi.com\/wp-content\/uploads\/2025\/10\/LOGO_VERBANO_VIAGGI.png","contentUrl":"https:\/\/www.verbanoviaggi.com\/wp-content\/uploads\/2025\/10\/LOGO_VERBANO_VIAGGI.png","width":600,"height":331,"caption":"Verbano Viaggi"},"image":{"@id":"https:\/\/www.verbanoviaggi.com\/#\/schema\/logo\/image\/"},"sameAs":["https:\/\/www.facebook.com\/verbanoviaggi","https:\/\/www.instagram.com\/verbanoviaggi\/"]}]}},"_links":{"self":[{"href":"https:\/\/www.verbanoviaggi.com\/index.php?rest_route=\/wp\/v2\/product\/120","targetHints":{"allow":["GET"]}}],"collection":[{"href":"https:\/\/www.verbanoviaggi.com\/index.php?rest_route=\/wp\/v2\/product"}],"about":[{"href":"https:\/\/www.verbanoviaggi.com\/index.php?rest_route=\/wp\/v2\/types\/product"}],"replies":[{"embeddable":true,"href":"https:\/\/www.verbanoviaggi.com\/index.php?rest_route=%2Fwp%2Fv2%2Fcomments&post=120"}],"version-history":[{"count":8,"href":"https:\/\/www.verbanoviaggi.com\/index.php?rest_route=\/wp\/v2\/product\/120\/revisions"}],"predecessor-version":[{"id":33714,"href":"https:\/\/www.verbanoviaggi.com\/index.php?rest_route=\/wp\/v2\/product\/120\/revisions\/33714"}],"wp:featuredmedia":[{"embeddable":true,"href":"https:\/\/www.verbanoviaggi.com\/index.php?rest_route=\/wp\/v2\/media\/17646"}],"wp:attachment":[{"href":"https:\/\/www.verbanoviaggi.com\/index.php?rest_route=%2Fwp%2Fv2%2Fmedia&parent=120"}],"wp:term":[{"taxonomy":"product_brand","embeddable":true,"href":"https:\/\/www.verbanoviaggi.com\/index.php?rest_route=%2Fwp%2Fv2%2Fproduct_brand&post=120"},{"taxonomy":"product_cat","embeddable":true,"href":"https:\/\/www.verbanoviaggi.com\/index.php?rest_route=%2Fwp%2Fv2%2Fproduct_cat&post=120"},{"taxonomy":"product_tag","embeddable":true,"href":"https:\/\/www.verbanoviaggi.com\/index.php?rest_route=%2Fwp%2Fv2%2Fproduct_tag&post=120"}],"curies":[{"name":"wp","href":"https:\/\/api.w.org\/{rel}","templated":true}]}}