{"id":31892,"date":"2025-12-16T14:42:17","date_gmt":"2025-12-16T13:42:17","guid":{"rendered":"https:\/\/www.verbanoviaggi.com\/?post_type=product&#038;p=31892"},"modified":"2026-04-02T15:27:27","modified_gmt":"2026-04-02T13:27:27","slug":"mare-liguria-finale-ligure","status":"publish","type":"product","link":"https:\/\/www.verbanoviaggi.com\/?product=mare-liguria-finale-ligure","title":{"rendered":"MARE LIGURIA \u2013 FINALE LIGURE (diverse date)"},"content":{"rendered":"<h5 data-start=\"257\" data-end=\"274\">Hotel Rio ***<\/h5>\n<p data-start=\"275\" data-end=\"567\">Situato in zona tranquilla a Finale Ligure, vicino al mare e al Lungomare, l\u2019<strong data-start=\"352\" data-end=\"365\">Hotel Rio<\/strong> offre camere confortevoli con bagno privato, phon, cassaforte, TV satellitare, telefono, aria condizionata, riscaldamento e parquet. Wi-Fi gratuita in tutta la struttura, ascensore e reception 24\/24.<\/p>\n<p data-start=\"569\" data-end=\"590\"><strong data-start=\"569\" data-end=\"588\">Area Benessere:<\/strong><\/p>\n<ul data-start=\"591\" data-end=\"786\">\n<li data-start=\"591\" data-end=\"693\">\n<p data-start=\"593\" data-end=\"693\">Piscina coperta e riscaldata con idromassaggio e doccia cervicale (copertura semovente in estate).<\/p>\n<\/li>\n<li data-start=\"694\" data-end=\"786\">\n<p data-start=\"696\" data-end=\"786\">Grotta benessere: sauna, bagno turco, doccia emozionale e angolo tisane (16:30 \u2013 18:30).<\/p>\n<\/li>\n<\/ul>\n<p data-start=\"788\" data-end=\"805\"><strong data-start=\"788\" data-end=\"803\">Ristorante:<\/strong><\/p>\n<ul data-start=\"806\" data-end=\"919\">\n<li data-start=\"806\" data-end=\"919\">\n<p data-start=\"808\" data-end=\"919\">Cucina eccellente con 3 men\u00f9 a scelta, antipasti, buffet di verdure, dessert e colazione abbondante a buffet.<\/p>\n<\/li>\n<\/ul>\n<p data-start=\"921\" data-end=\"936\"><strong data-start=\"921\" data-end=\"934\">Spiaggia:<\/strong><\/p>\n<ul data-start=\"937\" data-end=\"1057\">\n<li data-start=\"937\" data-end=\"1057\">\n<p data-start=\"939\" data-end=\"1057\">Convenzionata a pochi metri dall\u2019hotel. Pagamento diretto in loco: circa \u20ac 20\/giorno per un ombrellone e due sdraio.<\/p>\n<\/li>\n<\/ul>\n<h3 data-start=\"1064\" data-end=\"1102\"><\/h3>\n<h5 data-start=\"1064\" data-end=\"1102\">Animazione inclusa nella tariffa<\/h5>\n<ul data-start=\"1103\" data-end=\"1558\">\n<li data-start=\"1103\" data-end=\"1198\">\n<p data-start=\"1105\" data-end=\"1198\">Aperitivo di benvenuto e presentazione del programma di intrattenimento e gite facoltative.<\/p>\n<\/li>\n<li data-start=\"1199\" data-end=\"1321\">\n<p data-start=\"1201\" data-end=\"1321\">Tombolate a premi, quiz, show di ballerini, serate danzanti con cantante, serata dell\u2019arrivederci con musica dal vivo.<\/p>\n<\/li>\n<li data-start=\"1322\" data-end=\"1367\">\n<p data-start=\"1324\" data-end=\"1367\">Cena tipica ligure con specialit\u00e0 locali.<\/p>\n<\/li>\n<li data-start=\"1368\" data-end=\"1480\">\n<p data-start=\"1370\" data-end=\"1480\">Visita guidata a <strong data-start=\"1387\" data-end=\"1401\">Finalborgo<\/strong> (navetta facoltativa \u20ac 3,00 a persona) e <strong data-start=\"1443\" data-end=\"1458\">Finalmarina<\/strong> con guida gratuita.<\/p>\n<\/li>\n<li data-start=\"1481\" data-end=\"1558\">\n<p data-start=\"1483\" data-end=\"1558\">Visita al tipico frantoio con degustazione di olio extravergine di oliva.<\/p>\n<\/li>\n<\/ul>\n<h3 data-start=\"1904\" data-end=\"1961\"><\/h3>\n<h5 data-start=\"1904\" data-end=\"1961\">Prezzi settimanali per persona in pensione completa<\/h5>\n<p data-start=\"1962\" data-end=\"2105\"><em data-start=\"1962\" data-end=\"2103\">(Il soggiorno inizia con il pranzo del primo giorno e termina con la colazione; camere consegnate dopo pranzo e da liberare dopo colazione)<\/em><\/p>\n<div class=\"TyagGW_tableContainer\">\n<div class=\"group TyagGW_tableWrapper flex w-fit flex-col-reverse\" tabindex=\"-1\">\n<table class=\"w-fit min-w-(--thread-content-width)\" data-start=\"2107\" data-end=\"2404\">\n<thead data-start=\"2107\" data-end=\"2139\">\n<tr data-start=\"2107\" data-end=\"2139\">\n<th data-start=\"2107\" data-end=\"2117\" data-col-size=\"md\">Periodo<\/th>\n<th data-start=\"2117\" data-end=\"2139\" data-col-size=\"sm\">Prezzo per persona<\/th>\n<\/tr>\n<\/thead>\n<tbody data-start=\"2170\" data-end=\"2404\">\n<tr data-start=\"2170\" data-end=\"2205\">\n<td data-start=\"2170\" data-end=\"2196\" data-col-size=\"md\">Lun 13 Apr \u2013 Lun 20 Apr<\/td>\n<td data-col-size=\"sm\" data-start=\"2196\" data-end=\"2205\">\u20ac 539<\/td>\n<\/tr>\n<tr data-start=\"2206\" data-end=\"2260\">\n<td data-start=\"2206\" data-end=\"2251\" data-col-size=\"md\">Dom 03 Mag \u2013 Lun 11 Mag (speciale 8 notti)<\/td>\n<td data-col-size=\"sm\" data-start=\"2251\" data-end=\"2260\">\u20ac 539<\/td>\n<\/tr>\n<tr data-start=\"2261\" data-end=\"2296\">\n<td data-start=\"2261\" data-end=\"2287\" data-col-size=\"md\">Dom 21 Giu \u2013 Dom 28 Giu<\/td>\n<td data-start=\"2287\" data-end=\"2296\" data-col-size=\"sm\">\u20ac 659<\/td>\n<\/tr>\n<tr data-start=\"2297\" data-end=\"2332\">\n<td data-start=\"2297\" data-end=\"2323\" data-col-size=\"md\">Dom 19 Lug \u2013 Dom 26 Lug<\/td>\n<td data-start=\"2323\" data-end=\"2332\" data-col-size=\"sm\">\u20ac 699<\/td>\n<\/tr>\n<tr data-start=\"2333\" data-end=\"2368\">\n<td data-start=\"2333\" data-end=\"2359\" data-col-size=\"md\">Dom 23 Ago \u2013 Dom 30 Ago<\/td>\n<td data-start=\"2359\" data-end=\"2368\" data-col-size=\"sm\">\u20ac 749<\/td>\n<\/tr>\n<tr data-start=\"2369\" data-end=\"2404\">\n<td data-start=\"2369\" data-end=\"2395\" data-col-size=\"md\">Lun 07 Set \u2013 Lun 14 Set<\/td>\n<td data-start=\"2395\" data-end=\"2404\" data-col-size=\"sm\">\u20ac 659<\/td>\n<\/tr>\n<\/tbody>\n<\/table>\n<\/div>\n<\/div>\n<p class=\"p1\"><span class=\"s1\">\ud83d\udc49<\/span><b> Programma dettagliato, luoghi di partenza, condizioni di viaggio e quote complete disponibili <\/b><a href=\"https:\/\/www.verbanoviaggi.com\/wp-content\/uploads\/2025\/12\/SOGGIORNO-MARE-LIGURIA-2026.docx\"><span class=\"s2\"><b>qui<\/b><\/span><\/a><b>.<\/b><\/p>\n","protected":false},"excerpt":{"rendered":"<p data-start=\"128\" data-end=\"683\"><strong>Soggiorno in pensione completa<\/strong> in un hotel situato in posizione tranquilla<strong> vicino al mare<\/strong> e alla passeggiata lungomare.<br \/>\nL\u2019ospitalit\u00e0 include una cucina genuina con men\u00f9 a scelta e buffet di verdure. Animazione giornaliera con serate danzanti, spettacoli e attivit\u00e0 ricreative.<br \/>\nPossibilit\u00e0 di escursioni guidate a Finalborgo e Finalmarina, visita a frantoio con degustazione di olio, e accesso a spiagge convenzionate.<\/p>\n","protected":false},"featured_media":28809,"comment_status":"closed","ping_status":"closed","template":"","meta":{"_acf_changed":false,"site-sidebar-layout":"default","site-content-layout":"","ast-site-content-layout":"default","site-content-style":"default","site-sidebar-style":"default","ast-global-header-display":"","ast-banner-title-visibility":"","ast-main-header-display":"","ast-hfb-above-header-display":"","ast-hfb-below-header-display":"","ast-hfb-mobile-header-display":"","site-post-title":"","ast-breadcrumbs-content":"","ast-featured-img":"","footer-sml-layout":"","ast-disable-related-posts":"","theme-transparent-header-meta":"default","adv-header-id-meta":"","stick-header-meta":"","header-above-stick-meta":"","header-main-stick-meta":"","header-below-stick-meta":"","astra-migrate-meta-layouts":"set","ast-page-background-enabled":"default","ast-page-background-meta":{"desktop":{"background-color":"var(--ast-global-color-5)","background-image":"","background-repeat":"repeat","background-position":"center center","background-size":"auto","background-attachment":"scroll","background-type":"","background-media":"","overlay-type":"","overlay-color":"","overlay-opacity":"","overlay-gradient":""},"tablet":{"background-color":"","background-image":"","background-repeat":"repeat","background-position":"center center","background-size":"auto","background-attachment":"scroll","background-type":"","background-media":"","overlay-type":"","overlay-color":"","overlay-opacity":"","overlay-gradient":""},"mobile":{"background-color":"","background-image":"","background-repeat":"repeat","background-position":"center center","background-size":"auto","background-attachment":"scroll","background-type":"","background-media":"","overlay-type":"","overlay-color":"","overlay-opacity":"","overlay-gradient":""}},"ast-content-background-meta":{"desktop":{"background-color":"var(--ast-global-color-4)","background-image":"","background-repeat":"repeat","background-position":"center center","background-size":"auto","background-attachment":"scroll","background-type":"","background-media":"","overlay-type":"","overlay-color":"","overlay-opacity":"","overlay-gradient":""},"tablet":{"background-color":"var(--ast-global-color-4)","background-image":"","background-repeat":"repeat","background-position":"center center","background-size":"auto","background-attachment":"scroll","background-type":"","background-media":"","overlay-type":"","overlay-color":"","overlay-opacity":"","overlay-gradient":""},"mobile":{"background-color":"var(--ast-global-color-4)","background-image":"","background-repeat":"repeat","background-position":"center center","background-size":"auto","background-attachment":"scroll","background-type":"","background-media":"","overlay-type":"","overlay-color":"","overlay-opacity":"","overlay-gradient":""}}},"product_brand":[],"product_cat":[67,40,72,73],"product_tag":[],"class_list":{"0":"post-31892","1":"product","2":"type-product","3":"status-publish","4":"has-post-thumbnail","6":"product_cat-europa","7":"product_cat-i-nostri-soggiorni-mare","8":"product_cat-italia","9":"product_cat-viaggi-di-gruppo","10":"desktop-align-left","11":"tablet-align-left","12":"mobile-align-left","14":"first","15":"instock","16":"shipping-taxable","17":"purchasable","18":"product-type-simple"},"acf":[],"yoast_head":"<!-- This site is optimized with the Yoast SEO plugin v27.4 - https:\/\/yoast.com\/product\/yoast-seo-wordpress\/ -->\n<title>MARE LIGURIA \u2013 FINALE LIGURE (diverse date) - Verbano Viaggi<\/title>\n<meta name=\"robots\" content=\"noindex, follow, max-snippet:-1, max-image-preview:large, max-video-preview:-1\" \/>\n<meta property=\"og:locale\" content=\"it_IT\" \/>\n<meta property=\"og:type\" content=\"article\" \/>\n<meta property=\"og:title\" content=\"MARE LIGURIA \u2013 FINALE LIGURE (diverse date) - Verbano Viaggi\" \/>\n<meta property=\"og:description\" content=\"Soggiorno in pensione completa in un hotel situato in posizione tranquilla vicino al mare e alla passeggiata lungomare. L\u2019ospitalit\u00e0 include una cucina genuina con men\u00f9 a scelta e buffet di verdure. Animazione giornaliera con serate danzanti, spettacoli e attivit\u00e0 ricreative. Possibilit\u00e0 di escursioni guidate a Finalborgo e Finalmarina, visita a frantoio con degustazione di olio, e accesso a spiagge convenzionate.\" \/>\n<meta property=\"og:url\" content=\"https:\/\/www.verbanoviaggi.com\/?product=mare-liguria-finale-ligure\" \/>\n<meta property=\"og:site_name\" content=\"Verbano Viaggi\" \/>\n<meta property=\"article:publisher\" content=\"https:\/\/www.facebook.com\/verbanoviaggi\" \/>\n<meta property=\"article:modified_time\" content=\"2026-04-02T13:27:27+00:00\" \/>\n<meta property=\"og:image\" content=\"https:\/\/www.verbanoviaggi.com\/wp-content\/uploads\/2024\/01\/finale-ligure-spiaggia.webp\" \/>\n\t<meta property=\"og:image:width\" content=\"640\" \/>\n\t<meta property=\"og:image:height\" content=\"480\" \/>\n\t<meta property=\"og:image:type\" content=\"image\/webp\" \/>\n<meta name=\"twitter:card\" content=\"summary_large_image\" \/>\n<meta name=\"twitter:label1\" content=\"Tempo di lettura stimato\" \/>\n\t<meta name=\"twitter:data1\" content=\"2 minuti\" \/>\n<script type=\"application\/ld+json\" class=\"yoast-schema-graph\">{\"@context\":\"https:\\\/\\\/schema.org\",\"@graph\":[{\"@type\":\"WebPage\",\"@id\":\"https:\\\/\\\/www.verbanoviaggi.com\\\/?product=mare-liguria-finale-ligure\",\"url\":\"https:\\\/\\\/www.verbanoviaggi.com\\\/?product=mare-liguria-finale-ligure\",\"name\":\"MARE LIGURIA \u2013 FINALE LIGURE (diverse date) - Verbano Viaggi\",\"isPartOf\":{\"@id\":\"https:\\\/\\\/www.verbanoviaggi.com\\\/#website\"},\"primaryImageOfPage\":{\"@id\":\"https:\\\/\\\/www.verbanoviaggi.com\\\/?product=mare-liguria-finale-ligure#primaryimage\"},\"image\":{\"@id\":\"https:\\\/\\\/www.verbanoviaggi.com\\\/?product=mare-liguria-finale-ligure#primaryimage\"},\"thumbnailUrl\":\"https:\\\/\\\/www.verbanoviaggi.com\\\/wp-content\\\/uploads\\\/2024\\\/01\\\/finale-ligure-spiaggia.webp\",\"datePublished\":\"2025-12-16T13:42:17+00:00\",\"dateModified\":\"2026-04-02T13:27:27+00:00\",\"breadcrumb\":{\"@id\":\"https:\\\/\\\/www.verbanoviaggi.com\\\/?product=mare-liguria-finale-ligure#breadcrumb\"},\"inLanguage\":\"it-IT\",\"potentialAction\":[{\"@type\":\"ReadAction\",\"target\":[\"https:\\\/\\\/www.verbanoviaggi.com\\\/?product=mare-liguria-finale-ligure\"]}]},{\"@type\":\"ImageObject\",\"inLanguage\":\"it-IT\",\"@id\":\"https:\\\/\\\/www.verbanoviaggi.com\\\/?product=mare-liguria-finale-ligure#primaryimage\",\"url\":\"https:\\\/\\\/www.verbanoviaggi.com\\\/wp-content\\\/uploads\\\/2024\\\/01\\\/finale-ligure-spiaggia.webp\",\"contentUrl\":\"https:\\\/\\\/www.verbanoviaggi.com\\\/wp-content\\\/uploads\\\/2024\\\/01\\\/finale-ligure-spiaggia.webp\",\"width\":640,\"height\":480,\"caption\":\"Liguria: Spiaggia a Finale Ligure con bagnanti nel mare azzurro e spiaggia con ciottoli, per una perfetta giornata al mare.\"},{\"@type\":\"BreadcrumbList\",\"@id\":\"https:\\\/\\\/www.verbanoviaggi.com\\\/?product=mare-liguria-finale-ligure#breadcrumb\",\"itemListElement\":[{\"@type\":\"ListItem\",\"position\":1,\"name\":\"Home\",\"item\":\"https:\\\/\\\/www.verbanoviaggi.com\\\/\"},{\"@type\":\"ListItem\",\"position\":2,\"name\":\"Products\",\"item\":\"https:\\\/\\\/www.verbanoviaggi.com\\\/?page_id=31085\"},{\"@type\":\"ListItem\",\"position\":3,\"name\":\"MARE LIGURIA \u2013 FINALE LIGURE (diverse date)\"}]},{\"@type\":\"WebSite\",\"@id\":\"https:\\\/\\\/www.verbanoviaggi.com\\\/#website\",\"url\":\"https:\\\/\\\/www.verbanoviaggi.com\\\/\",\"name\":\"Verbano Viaggi\",\"description\":\"La tua agenzia viaggi\",\"publisher\":{\"@id\":\"https:\\\/\\\/www.verbanoviaggi.com\\\/#organization\"},\"potentialAction\":[{\"@type\":\"SearchAction\",\"target\":{\"@type\":\"EntryPoint\",\"urlTemplate\":\"https:\\\/\\\/www.verbanoviaggi.com\\\/?s={search_term_string}\"},\"query-input\":{\"@type\":\"PropertyValueSpecification\",\"valueRequired\":true,\"valueName\":\"search_term_string\"}}],\"inLanguage\":\"it-IT\"},{\"@type\":\"Organization\",\"@id\":\"https:\\\/\\\/www.verbanoviaggi.com\\\/#organization\",\"name\":\"Verbano Viaggi\",\"url\":\"https:\\\/\\\/www.verbanoviaggi.com\\\/\",\"logo\":{\"@type\":\"ImageObject\",\"inLanguage\":\"it-IT\",\"@id\":\"https:\\\/\\\/www.verbanoviaggi.com\\\/#\\\/schema\\\/logo\\\/image\\\/\",\"url\":\"https:\\\/\\\/www.verbanoviaggi.com\\\/wp-content\\\/uploads\\\/2025\\\/10\\\/LOGO_VERBANO_VIAGGI.png\",\"contentUrl\":\"https:\\\/\\\/www.verbanoviaggi.com\\\/wp-content\\\/uploads\\\/2025\\\/10\\\/LOGO_VERBANO_VIAGGI.png\",\"width\":600,\"height\":331,\"caption\":\"Verbano Viaggi\"},\"image\":{\"@id\":\"https:\\\/\\\/www.verbanoviaggi.com\\\/#\\\/schema\\\/logo\\\/image\\\/\"},\"sameAs\":[\"https:\\\/\\\/www.facebook.com\\\/verbanoviaggi\",\"https:\\\/\\\/www.instagram.com\\\/verbanoviaggi\\\/\"]}]}<\/script>\n<!-- \/ Yoast SEO plugin. -->","yoast_head_json":{"title":"MARE LIGURIA \u2013 FINALE LIGURE (diverse date) - Verbano Viaggi","robots":{"index":"noindex","follow":"follow","max-snippet":"max-snippet:-1","max-image-preview":"max-image-preview:large","max-video-preview":"max-video-preview:-1"},"og_locale":"it_IT","og_type":"article","og_title":"MARE LIGURIA \u2013 FINALE LIGURE (diverse date) - Verbano Viaggi","og_description":"Soggiorno in pensione completa in un hotel situato in posizione tranquilla vicino al mare e alla passeggiata lungomare. L\u2019ospitalit\u00e0 include una cucina genuina con men\u00f9 a scelta e buffet di verdure. Animazione giornaliera con serate danzanti, spettacoli e attivit\u00e0 ricreative. Possibilit\u00e0 di escursioni guidate a Finalborgo e Finalmarina, visita a frantoio con degustazione di olio, e accesso a spiagge convenzionate.","og_url":"https:\/\/www.verbanoviaggi.com\/?product=mare-liguria-finale-ligure","og_site_name":"Verbano Viaggi","article_publisher":"https:\/\/www.facebook.com\/verbanoviaggi","article_modified_time":"2026-04-02T13:27:27+00:00","og_image":[{"width":640,"height":480,"url":"https:\/\/www.verbanoviaggi.com\/wp-content\/uploads\/2024\/01\/finale-ligure-spiaggia.webp","type":"image\/webp"}],"twitter_card":"summary_large_image","twitter_misc":{"Tempo di lettura stimato":"2 minuti"},"schema":{"@context":"https:\/\/schema.org","@graph":[{"@type":"WebPage","@id":"https:\/\/www.verbanoviaggi.com\/?product=mare-liguria-finale-ligure","url":"https:\/\/www.verbanoviaggi.com\/?product=mare-liguria-finale-ligure","name":"MARE LIGURIA \u2013 FINALE LIGURE (diverse date) - Verbano Viaggi","isPartOf":{"@id":"https:\/\/www.verbanoviaggi.com\/#website"},"primaryImageOfPage":{"@id":"https:\/\/www.verbanoviaggi.com\/?product=mare-liguria-finale-ligure#primaryimage"},"image":{"@id":"https:\/\/www.verbanoviaggi.com\/?product=mare-liguria-finale-ligure#primaryimage"},"thumbnailUrl":"https:\/\/www.verbanoviaggi.com\/wp-content\/uploads\/2024\/01\/finale-ligure-spiaggia.webp","datePublished":"2025-12-16T13:42:17+00:00","dateModified":"2026-04-02T13:27:27+00:00","breadcrumb":{"@id":"https:\/\/www.verbanoviaggi.com\/?product=mare-liguria-finale-ligure#breadcrumb"},"inLanguage":"it-IT","potentialAction":[{"@type":"ReadAction","target":["https:\/\/www.verbanoviaggi.com\/?product=mare-liguria-finale-ligure"]}]},{"@type":"ImageObject","inLanguage":"it-IT","@id":"https:\/\/www.verbanoviaggi.com\/?product=mare-liguria-finale-ligure#primaryimage","url":"https:\/\/www.verbanoviaggi.com\/wp-content\/uploads\/2024\/01\/finale-ligure-spiaggia.webp","contentUrl":"https:\/\/www.verbanoviaggi.com\/wp-content\/uploads\/2024\/01\/finale-ligure-spiaggia.webp","width":640,"height":480,"caption":"Liguria: Spiaggia a Finale Ligure con bagnanti nel mare azzurro e spiaggia con ciottoli, per una perfetta giornata al mare."},{"@type":"BreadcrumbList","@id":"https:\/\/www.verbanoviaggi.com\/?product=mare-liguria-finale-ligure#breadcrumb","itemListElement":[{"@type":"ListItem","position":1,"name":"Home","item":"https:\/\/www.verbanoviaggi.com\/"},{"@type":"ListItem","position":2,"name":"Products","item":"https:\/\/www.verbanoviaggi.com\/?page_id=31085"},{"@type":"ListItem","position":3,"name":"MARE LIGURIA \u2013 FINALE LIGURE (diverse date)"}]},{"@type":"WebSite","@id":"https:\/\/www.verbanoviaggi.com\/#website","url":"https:\/\/www.verbanoviaggi.com\/","name":"Verbano Viaggi","description":"La tua agenzia viaggi","publisher":{"@id":"https:\/\/www.verbanoviaggi.com\/#organization"},"potentialAction":[{"@type":"SearchAction","target":{"@type":"EntryPoint","urlTemplate":"https:\/\/www.verbanoviaggi.com\/?s={search_term_string}"},"query-input":{"@type":"PropertyValueSpecification","valueRequired":true,"valueName":"search_term_string"}}],"inLanguage":"it-IT"},{"@type":"Organization","@id":"https:\/\/www.verbanoviaggi.com\/#organization","name":"Verbano Viaggi","url":"https:\/\/www.verbanoviaggi.com\/","logo":{"@type":"ImageObject","inLanguage":"it-IT","@id":"https:\/\/www.verbanoviaggi.com\/#\/schema\/logo\/image\/","url":"https:\/\/www.verbanoviaggi.com\/wp-content\/uploads\/2025\/10\/LOGO_VERBANO_VIAGGI.png","contentUrl":"https:\/\/www.verbanoviaggi.com\/wp-content\/uploads\/2025\/10\/LOGO_VERBANO_VIAGGI.png","width":600,"height":331,"caption":"Verbano Viaggi"},"image":{"@id":"https:\/\/www.verbanoviaggi.com\/#\/schema\/logo\/image\/"},"sameAs":["https:\/\/www.facebook.com\/verbanoviaggi","https:\/\/www.instagram.com\/verbanoviaggi\/"]}]}},"_links":{"self":[{"href":"https:\/\/www.verbanoviaggi.com\/index.php?rest_route=\/wp\/v2\/product\/31892","targetHints":{"allow":["GET"]}}],"collection":[{"href":"https:\/\/www.verbanoviaggi.com\/index.php?rest_route=\/wp\/v2\/product"}],"about":[{"href":"https:\/\/www.verbanoviaggi.com\/index.php?rest_route=\/wp\/v2\/types\/product"}],"replies":[{"embeddable":true,"href":"https:\/\/www.verbanoviaggi.com\/index.php?rest_route=%2Fwp%2Fv2%2Fcomments&post=31892"}],"version-history":[{"count":6,"href":"https:\/\/www.verbanoviaggi.com\/index.php?rest_route=\/wp\/v2\/product\/31892\/revisions"}],"predecessor-version":[{"id":33699,"href":"https:\/\/www.verbanoviaggi.com\/index.php?rest_route=\/wp\/v2\/product\/31892\/revisions\/33699"}],"wp:featuredmedia":[{"embeddable":true,"href":"https:\/\/www.verbanoviaggi.com\/index.php?rest_route=\/wp\/v2\/media\/28809"}],"wp:attachment":[{"href":"https:\/\/www.verbanoviaggi.com\/index.php?rest_route=%2Fwp%2Fv2%2Fmedia&parent=31892"}],"wp:term":[{"taxonomy":"product_brand","embeddable":true,"href":"https:\/\/www.verbanoviaggi.com\/index.php?rest_route=%2Fwp%2Fv2%2Fproduct_brand&post=31892"},{"taxonomy":"product_cat","embeddable":true,"href":"https:\/\/www.verbanoviaggi.com\/index.php?rest_route=%2Fwp%2Fv2%2Fproduct_cat&post=31892"},{"taxonomy":"product_tag","embeddable":true,"href":"https:\/\/www.verbanoviaggi.com\/index.php?rest_route=%2Fwp%2Fv2%2Fproduct_tag&post=31892"}],"curies":[{"name":"wp","href":"https:\/\/api.w.org\/{rel}","templated":true}]}}