{"id":32610,"date":"2026-01-20T12:10:13","date_gmt":"2026-01-20T11:10:13","guid":{"rendered":"https:\/\/www.verbanoviaggi.com\/?post_type=product&#038;p=32610"},"modified":"2026-04-02T14:21:28","modified_gmt":"2026-04-02T12:21:28","slug":"tour-della-turchia-istanbul-cappadocia-ed-efeso","status":"publish","type":"product","link":"https:\/\/www.verbanoviaggi.com\/?product=tour-della-turchia-istanbul-cappadocia-ed-efeso","title":{"rendered":"TOUR DELLA TURCHIA: Istanbul, Cappadocia ed Efeso"},"content":{"rendered":"<p data-start=\"430\" data-end=\"498\"><strong data-start=\"434\" data-end=\"496\">Giorno 1 \u2013 Mercoled\u00ec 23 settembre 2026 \u2013 Italia \/ Istanbul<\/strong><\/p>\n<p data-start=\"499\" data-end=\"629\">Partenza dai luoghi convenuti e volo per Istanbul. Arrivo, trasferimento in hotel, sistemazione in camera, cena e pernottamento.<\/p>\n<p data-start=\"636\" data-end=\"693\"><strong data-start=\"640\" data-end=\"691\">Giorno 2 \u2013 Gioved\u00ec 24 settembre 2026 \u2013 Istanbul<\/strong><\/p>\n<p data-start=\"694\" data-end=\"964\">Visita del centro storico di Istanbul: Corno d\u2019Oro, Ippodromo, Moschea Blu. Tempo libero per Santa Sofia e Cisterna Basilica. Pranzo in ristorante. Pomeriggio al Palazzo di Topkapi con Harem, Chiesa di Santa Irene e Gran Bazaar. Rientro in hotel, cena e pernottamento.<\/p>\n<p data-start=\"971\" data-end=\"1050\"><strong data-start=\"975\" data-end=\"1048\">Giorno 3 \u2013 Venerd\u00ec 25 settembre 2026 \u2013 Istanbul \/ Ankara \/ Cappadocia<\/strong><\/p>\n<p data-start=\"1051\" data-end=\"1266\">Trasferimento ad Ankara, visita del Museo delle Civilt\u00e0 Anatoliche e sosta fotografica al Mausoleo di Ataturk. Proseguimento per la Cappadocia con sosta al Lago Salato. Sistemazione in hotel, cena e pernottamento.<\/p>\n<p data-start=\"1273\" data-end=\"1331\"><strong data-start=\"1277\" data-end=\"1329\">Giorno 4 \u2013 Sabato 26 settembre 2026 \u2013 Cappadocia<\/strong><\/p>\n<p data-start=\"1332\" data-end=\"1629\">Possibilit\u00e0 di volo in mongolfiera (facoltativo). Visita della Valle di Devrent, Museo all\u2019aperto di G\u00f6reme, cooperativa dei tappeti, Citadella di Uchisar, Valle dei Piccioni e citt\u00e0 sotterranea. Laboratorio di pietre preziose. Cena in hotel e pernottamento. Possibilit\u00e0 di serata folkloristica.<\/p>\n<p data-start=\"1636\" data-end=\"1708\"><strong data-start=\"1640\" data-end=\"1706\">Giorno 5 \u2013 Domenica 27 settembre 2026 \u2013 Cappadocia \/ Pamukkale<\/strong><\/p>\n<p data-start=\"1709\" data-end=\"1999\">Possibilit\u00e0 di Jeep Safari (facoltativo). Trasferimento a Pamukkale con sosta al Caravanserraglio di Sultanhani. Visita di Hierapolis e delle cascate di Pamukkale. Arrivo in hotel, possibilit\u00e0 di piscina termale, cena e pernottamento. Possibilit\u00e0 di spettacolo dei dervisci (facoltativo).<\/p>\n<p data-start=\"2006\" data-end=\"2079\"><strong data-start=\"2010\" data-end=\"2077\">Giorno 6 \u2013 Luned\u00ec 28 settembre 2026 \u2013 Pamukkale \/ Izmir \/ Efeso<\/strong><\/p>\n<p data-start=\"2080\" data-end=\"2304\">Visita di Efeso: Tempio di Adriano, Biblioteca di Celsio, Grande Teatro ed Ephesus Experience Museum. Pranzo in ristorante. Sosta in pelletteria locale. Proseguimento per Izmir, tempo libero, cena e pernottamento in hotel.<\/p>\n<p data-start=\"2311\" data-end=\"2386\"><strong data-start=\"2315\" data-end=\"2384\">Giorno 7 \u2013 Marted\u00ec 29 settembre 2026 \u2013 Izmir \/ Pergamo \/ Istanbul<\/strong><\/p>\n<p data-start=\"2387\" data-end=\"2579\">Visita dell\u2019Asclepio di Pergamo. Pranzo in ristorante. Sosta in cooperativa di ceramiche. Trasferimento a Istanbul attraversando il Ponte di Osmangazi. Arrivo, cena e pernottamento in hotel.<\/p>\n<p data-start=\"2586\" data-end=\"2654\"><strong data-start=\"2590\" data-end=\"2652\">Giorno 8 \u2013 Mercoled\u00ec 30 settembre 2026 \u2013 Istanbul \/ Italia<\/strong><\/p>\n<p data-start=\"2655\" data-end=\"2762\">Prima colazione e trasferimento in aeroporto. Volo di rientro per Bergamo e ritorno ai luoghi di origine.<\/p>\n<p class=\"p1\"><span class=\"s1\">\ud83d\udc49<\/span><b> Programma dettagliato, luoghi di partenza, condizioni di viaggio e quote complete disponibili <\/b><a href=\"https:\/\/www.verbanoviaggi.com\/wp-content\/uploads\/2026\/01\/TURCHIA-23-30-settembre-2026.docx\"><span class=\"s2\"><b>qui<\/b><\/span><\/a><b>.<\/b><\/p>\n","protected":false},"excerpt":{"rendered":"<p data-start=\"148\" data-end=\"197\"><strong data-start=\"148\" data-end=\"195\">23 \u2013 30 settembre 2026 | 8 giorni \/ 7 notti<\/strong><\/p>\n<p data-start=\"199\" data-end=\"423\">Un itinerario completo tra storia, cultura e paesaggi straordinari: da Istanbul, tra moschee e bazar, alla Cappadocia con i suoi paesaggi lunari e citt\u00e0 sotterranee, fino alle meraviglie archeologiche di Efeso e Pamukkale.<\/p>\n","protected":false},"featured_media":28900,"comment_status":"closed","ping_status":"closed","template":"","meta":{"_acf_changed":false,"site-sidebar-layout":"default","site-content-layout":"","ast-site-content-layout":"default","site-content-style":"default","site-sidebar-style":"default","ast-global-header-display":"","ast-banner-title-visibility":"","ast-main-header-display":"","ast-hfb-above-header-display":"","ast-hfb-below-header-display":"","ast-hfb-mobile-header-display":"","site-post-title":"","ast-breadcrumbs-content":"","ast-featured-img":"","footer-sml-layout":"","ast-disable-related-posts":"","theme-transparent-header-meta":"default","adv-header-id-meta":"","stick-header-meta":"","header-above-stick-meta":"","header-main-stick-meta":"","header-below-stick-meta":"","astra-migrate-meta-layouts":"set","ast-page-background-enabled":"default","ast-page-background-meta":{"desktop":{"background-color":"var(--ast-global-color-5)","background-image":"","background-repeat":"repeat","background-position":"center center","background-size":"auto","background-attachment":"scroll","background-type":"","background-media":"","overlay-type":"","overlay-color":"","overlay-opacity":"","overlay-gradient":""},"tablet":{"background-color":"","background-image":"","background-repeat":"repeat","background-position":"center center","background-size":"auto","background-attachment":"scroll","background-type":"","background-media":"","overlay-type":"","overlay-color":"","overlay-opacity":"","overlay-gradient":""},"mobile":{"background-color":"","background-image":"","background-repeat":"repeat","background-position":"center center","background-size":"auto","background-attachment":"scroll","background-type":"","background-media":"","overlay-type":"","overlay-color":"","overlay-opacity":"","overlay-gradient":""}},"ast-content-background-meta":{"desktop":{"background-color":"var(--ast-global-color-4)","background-image":"","background-repeat":"repeat","background-position":"center center","background-size":"auto","background-attachment":"scroll","background-type":"","background-media":"","overlay-type":"","overlay-color":"","overlay-opacity":"","overlay-gradient":""},"tablet":{"background-color":"var(--ast-global-color-4)","background-image":"","background-repeat":"repeat","background-position":"center center","background-size":"auto","background-attachment":"scroll","background-type":"","background-media":"","overlay-type":"","overlay-color":"","overlay-opacity":"","overlay-gradient":""},"mobile":{"background-color":"var(--ast-global-color-4)","background-image":"","background-repeat":"repeat","background-position":"center center","background-size":"auto","background-attachment":"scroll","background-type":"","background-media":"","overlay-type":"","overlay-color":"","overlay-opacity":"","overlay-gradient":""}}},"product_brand":[],"product_cat":[68,73,36],"product_tag":[],"class_list":{"0":"post-32610","1":"product","2":"type-product","3":"status-publish","4":"has-post-thumbnail","6":"product_cat-asia","7":"product_cat-viaggi-di-gruppo","8":"product_cat-viaggi-di-piu-giorni-con-verbano-viaggi","9":"desktop-align-left","10":"tablet-align-left","11":"mobile-align-left","13":"first","14":"instock","15":"shipping-taxable","16":"purchasable","17":"product-type-simple"},"acf":[],"yoast_head":"<!-- This site is optimized with the Yoast SEO plugin v27.4 - https:\/\/yoast.com\/product\/yoast-seo-wordpress\/ -->\n<title>TOUR DELLA TURCHIA: Istanbul, Cappadocia ed Efeso - Verbano Viaggi<\/title>\n<meta name=\"robots\" content=\"noindex, follow, max-snippet:-1, max-image-preview:large, max-video-preview:-1\" \/>\n<meta property=\"og:locale\" content=\"it_IT\" \/>\n<meta property=\"og:type\" content=\"article\" \/>\n<meta property=\"og:title\" content=\"TOUR DELLA TURCHIA: Istanbul, Cappadocia ed Efeso - Verbano Viaggi\" \/>\n<meta property=\"og:description\" content=\"23 \u2013 30 settembre 2026 | 8 giorni \/ 7 notti Un itinerario completo tra storia, cultura e paesaggi straordinari: da Istanbul, tra moschee e bazar, alla Cappadocia con i suoi paesaggi lunari e citt\u00e0 sotterranee, fino alle meraviglie archeologiche di Efeso e Pamukkale.\" \/>\n<meta property=\"og:url\" content=\"https:\/\/www.verbanoviaggi.com\/?product=tour-della-turchia-istanbul-cappadocia-ed-efeso\" \/>\n<meta property=\"og:site_name\" content=\"Verbano Viaggi\" \/>\n<meta property=\"article:publisher\" content=\"https:\/\/www.facebook.com\/verbanoviaggi\" \/>\n<meta property=\"article:modified_time\" content=\"2026-04-02T12:21:28+00:00\" \/>\n<meta property=\"og:image\" content=\"https:\/\/www.verbanoviaggi.com\/wp-content\/uploads\/2024\/03\/turchia-tour-cappadocia.webp\" \/>\n\t<meta property=\"og:image:width\" content=\"960\" \/>\n\t<meta property=\"og:image:height\" content=\"514\" \/>\n\t<meta property=\"og:image:type\" content=\"image\/webp\" \/>\n<meta name=\"twitter:card\" content=\"summary_large_image\" \/>\n<meta name=\"twitter:label1\" content=\"Tempo di lettura stimato\" \/>\n\t<meta name=\"twitter:data1\" content=\"2 minuti\" \/>\n<script type=\"application\/ld+json\" class=\"yoast-schema-graph\">{\"@context\":\"https:\\\/\\\/schema.org\",\"@graph\":[{\"@type\":\"WebPage\",\"@id\":\"https:\\\/\\\/www.verbanoviaggi.com\\\/?product=tour-della-turchia-istanbul-cappadocia-ed-efeso\",\"url\":\"https:\\\/\\\/www.verbanoviaggi.com\\\/?product=tour-della-turchia-istanbul-cappadocia-ed-efeso\",\"name\":\"TOUR DELLA TURCHIA: Istanbul, Cappadocia ed Efeso - Verbano Viaggi\",\"isPartOf\":{\"@id\":\"https:\\\/\\\/www.verbanoviaggi.com\\\/#website\"},\"primaryImageOfPage\":{\"@id\":\"https:\\\/\\\/www.verbanoviaggi.com\\\/?product=tour-della-turchia-istanbul-cappadocia-ed-efeso#primaryimage\"},\"image\":{\"@id\":\"https:\\\/\\\/www.verbanoviaggi.com\\\/?product=tour-della-turchia-istanbul-cappadocia-ed-efeso#primaryimage\"},\"thumbnailUrl\":\"https:\\\/\\\/www.verbanoviaggi.com\\\/wp-content\\\/uploads\\\/2024\\\/03\\\/turchia-tour-cappadocia.webp\",\"datePublished\":\"2026-01-20T11:10:13+00:00\",\"dateModified\":\"2026-04-02T12:21:28+00:00\",\"breadcrumb\":{\"@id\":\"https:\\\/\\\/www.verbanoviaggi.com\\\/?product=tour-della-turchia-istanbul-cappadocia-ed-efeso#breadcrumb\"},\"inLanguage\":\"it-IT\",\"potentialAction\":[{\"@type\":\"ReadAction\",\"target\":[\"https:\\\/\\\/www.verbanoviaggi.com\\\/?product=tour-della-turchia-istanbul-cappadocia-ed-efeso\"]}]},{\"@type\":\"ImageObject\",\"inLanguage\":\"it-IT\",\"@id\":\"https:\\\/\\\/www.verbanoviaggi.com\\\/?product=tour-della-turchia-istanbul-cappadocia-ed-efeso#primaryimage\",\"url\":\"https:\\\/\\\/www.verbanoviaggi.com\\\/wp-content\\\/uploads\\\/2024\\\/03\\\/turchia-tour-cappadocia.webp\",\"contentUrl\":\"https:\\\/\\\/www.verbanoviaggi.com\\\/wp-content\\\/uploads\\\/2024\\\/03\\\/turchia-tour-cappadocia.webp\",\"width\":960,\"height\":514,\"caption\":\"Cappadocia in Turchia con le famose mongolfiere che rendono il paesaggio ancora pi\u00f9 attraente.\"},{\"@type\":\"BreadcrumbList\",\"@id\":\"https:\\\/\\\/www.verbanoviaggi.com\\\/?product=tour-della-turchia-istanbul-cappadocia-ed-efeso#breadcrumb\",\"itemListElement\":[{\"@type\":\"ListItem\",\"position\":1,\"name\":\"Home\",\"item\":\"https:\\\/\\\/www.verbanoviaggi.com\\\/\"},{\"@type\":\"ListItem\",\"position\":2,\"name\":\"Products\",\"item\":\"https:\\\/\\\/www.verbanoviaggi.com\\\/?page_id=31085\"},{\"@type\":\"ListItem\",\"position\":3,\"name\":\"TOUR DELLA TURCHIA: Istanbul, Cappadocia ed Efeso\"}]},{\"@type\":\"WebSite\",\"@id\":\"https:\\\/\\\/www.verbanoviaggi.com\\\/#website\",\"url\":\"https:\\\/\\\/www.verbanoviaggi.com\\\/\",\"name\":\"Verbano Viaggi\",\"description\":\"La tua agenzia viaggi\",\"publisher\":{\"@id\":\"https:\\\/\\\/www.verbanoviaggi.com\\\/#organization\"},\"potentialAction\":[{\"@type\":\"SearchAction\",\"target\":{\"@type\":\"EntryPoint\",\"urlTemplate\":\"https:\\\/\\\/www.verbanoviaggi.com\\\/?s={search_term_string}\"},\"query-input\":{\"@type\":\"PropertyValueSpecification\",\"valueRequired\":true,\"valueName\":\"search_term_string\"}}],\"inLanguage\":\"it-IT\"},{\"@type\":\"Organization\",\"@id\":\"https:\\\/\\\/www.verbanoviaggi.com\\\/#organization\",\"name\":\"Verbano Viaggi\",\"url\":\"https:\\\/\\\/www.verbanoviaggi.com\\\/\",\"logo\":{\"@type\":\"ImageObject\",\"inLanguage\":\"it-IT\",\"@id\":\"https:\\\/\\\/www.verbanoviaggi.com\\\/#\\\/schema\\\/logo\\\/image\\\/\",\"url\":\"https:\\\/\\\/www.verbanoviaggi.com\\\/wp-content\\\/uploads\\\/2025\\\/10\\\/LOGO_VERBANO_VIAGGI.png\",\"contentUrl\":\"https:\\\/\\\/www.verbanoviaggi.com\\\/wp-content\\\/uploads\\\/2025\\\/10\\\/LOGO_VERBANO_VIAGGI.png\",\"width\":600,\"height\":331,\"caption\":\"Verbano Viaggi\"},\"image\":{\"@id\":\"https:\\\/\\\/www.verbanoviaggi.com\\\/#\\\/schema\\\/logo\\\/image\\\/\"},\"sameAs\":[\"https:\\\/\\\/www.facebook.com\\\/verbanoviaggi\",\"https:\\\/\\\/www.instagram.com\\\/verbanoviaggi\\\/\"]}]}<\/script>\n<!-- \/ Yoast SEO plugin. -->","yoast_head_json":{"title":"TOUR DELLA TURCHIA: Istanbul, Cappadocia ed Efeso - Verbano Viaggi","robots":{"index":"noindex","follow":"follow","max-snippet":"max-snippet:-1","max-image-preview":"max-image-preview:large","max-video-preview":"max-video-preview:-1"},"og_locale":"it_IT","og_type":"article","og_title":"TOUR DELLA TURCHIA: Istanbul, Cappadocia ed Efeso - Verbano Viaggi","og_description":"23 \u2013 30 settembre 2026 | 8 giorni \/ 7 notti Un itinerario completo tra storia, cultura e paesaggi straordinari: da Istanbul, tra moschee e bazar, alla Cappadocia con i suoi paesaggi lunari e citt\u00e0 sotterranee, fino alle meraviglie archeologiche di Efeso e Pamukkale.","og_url":"https:\/\/www.verbanoviaggi.com\/?product=tour-della-turchia-istanbul-cappadocia-ed-efeso","og_site_name":"Verbano Viaggi","article_publisher":"https:\/\/www.facebook.com\/verbanoviaggi","article_modified_time":"2026-04-02T12:21:28+00:00","og_image":[{"width":960,"height":514,"url":"https:\/\/www.verbanoviaggi.com\/wp-content\/uploads\/2024\/03\/turchia-tour-cappadocia.webp","type":"image\/webp"}],"twitter_card":"summary_large_image","twitter_misc":{"Tempo di lettura stimato":"2 minuti"},"schema":{"@context":"https:\/\/schema.org","@graph":[{"@type":"WebPage","@id":"https:\/\/www.verbanoviaggi.com\/?product=tour-della-turchia-istanbul-cappadocia-ed-efeso","url":"https:\/\/www.verbanoviaggi.com\/?product=tour-della-turchia-istanbul-cappadocia-ed-efeso","name":"TOUR DELLA TURCHIA: Istanbul, Cappadocia ed Efeso - Verbano Viaggi","isPartOf":{"@id":"https:\/\/www.verbanoviaggi.com\/#website"},"primaryImageOfPage":{"@id":"https:\/\/www.verbanoviaggi.com\/?product=tour-della-turchia-istanbul-cappadocia-ed-efeso#primaryimage"},"image":{"@id":"https:\/\/www.verbanoviaggi.com\/?product=tour-della-turchia-istanbul-cappadocia-ed-efeso#primaryimage"},"thumbnailUrl":"https:\/\/www.verbanoviaggi.com\/wp-content\/uploads\/2024\/03\/turchia-tour-cappadocia.webp","datePublished":"2026-01-20T11:10:13+00:00","dateModified":"2026-04-02T12:21:28+00:00","breadcrumb":{"@id":"https:\/\/www.verbanoviaggi.com\/?product=tour-della-turchia-istanbul-cappadocia-ed-efeso#breadcrumb"},"inLanguage":"it-IT","potentialAction":[{"@type":"ReadAction","target":["https:\/\/www.verbanoviaggi.com\/?product=tour-della-turchia-istanbul-cappadocia-ed-efeso"]}]},{"@type":"ImageObject","inLanguage":"it-IT","@id":"https:\/\/www.verbanoviaggi.com\/?product=tour-della-turchia-istanbul-cappadocia-ed-efeso#primaryimage","url":"https:\/\/www.verbanoviaggi.com\/wp-content\/uploads\/2024\/03\/turchia-tour-cappadocia.webp","contentUrl":"https:\/\/www.verbanoviaggi.com\/wp-content\/uploads\/2024\/03\/turchia-tour-cappadocia.webp","width":960,"height":514,"caption":"Cappadocia in Turchia con le famose mongolfiere che rendono il paesaggio ancora pi\u00f9 attraente."},{"@type":"BreadcrumbList","@id":"https:\/\/www.verbanoviaggi.com\/?product=tour-della-turchia-istanbul-cappadocia-ed-efeso#breadcrumb","itemListElement":[{"@type":"ListItem","position":1,"name":"Home","item":"https:\/\/www.verbanoviaggi.com\/"},{"@type":"ListItem","position":2,"name":"Products","item":"https:\/\/www.verbanoviaggi.com\/?page_id=31085"},{"@type":"ListItem","position":3,"name":"TOUR DELLA TURCHIA: Istanbul, Cappadocia ed Efeso"}]},{"@type":"WebSite","@id":"https:\/\/www.verbanoviaggi.com\/#website","url":"https:\/\/www.verbanoviaggi.com\/","name":"Verbano Viaggi","description":"La tua agenzia viaggi","publisher":{"@id":"https:\/\/www.verbanoviaggi.com\/#organization"},"potentialAction":[{"@type":"SearchAction","target":{"@type":"EntryPoint","urlTemplate":"https:\/\/www.verbanoviaggi.com\/?s={search_term_string}"},"query-input":{"@type":"PropertyValueSpecification","valueRequired":true,"valueName":"search_term_string"}}],"inLanguage":"it-IT"},{"@type":"Organization","@id":"https:\/\/www.verbanoviaggi.com\/#organization","name":"Verbano Viaggi","url":"https:\/\/www.verbanoviaggi.com\/","logo":{"@type":"ImageObject","inLanguage":"it-IT","@id":"https:\/\/www.verbanoviaggi.com\/#\/schema\/logo\/image\/","url":"https:\/\/www.verbanoviaggi.com\/wp-content\/uploads\/2025\/10\/LOGO_VERBANO_VIAGGI.png","contentUrl":"https:\/\/www.verbanoviaggi.com\/wp-content\/uploads\/2025\/10\/LOGO_VERBANO_VIAGGI.png","width":600,"height":331,"caption":"Verbano Viaggi"},"image":{"@id":"https:\/\/www.verbanoviaggi.com\/#\/schema\/logo\/image\/"},"sameAs":["https:\/\/www.facebook.com\/verbanoviaggi","https:\/\/www.instagram.com\/verbanoviaggi\/"]}]}},"_links":{"self":[{"href":"https:\/\/www.verbanoviaggi.com\/index.php?rest_route=\/wp\/v2\/product\/32610","targetHints":{"allow":["GET"]}}],"collection":[{"href":"https:\/\/www.verbanoviaggi.com\/index.php?rest_route=\/wp\/v2\/product"}],"about":[{"href":"https:\/\/www.verbanoviaggi.com\/index.php?rest_route=\/wp\/v2\/types\/product"}],"replies":[{"embeddable":true,"href":"https:\/\/www.verbanoviaggi.com\/index.php?rest_route=%2Fwp%2Fv2%2Fcomments&post=32610"}],"version-history":[{"count":6,"href":"https:\/\/www.verbanoviaggi.com\/index.php?rest_route=\/wp\/v2\/product\/32610\/revisions"}],"predecessor-version":[{"id":33593,"href":"https:\/\/www.verbanoviaggi.com\/index.php?rest_route=\/wp\/v2\/product\/32610\/revisions\/33593"}],"wp:featuredmedia":[{"embeddable":true,"href":"https:\/\/www.verbanoviaggi.com\/index.php?rest_route=\/wp\/v2\/media\/28900"}],"wp:attachment":[{"href":"https:\/\/www.verbanoviaggi.com\/index.php?rest_route=%2Fwp%2Fv2%2Fmedia&parent=32610"}],"wp:term":[{"taxonomy":"product_brand","embeddable":true,"href":"https:\/\/www.verbanoviaggi.com\/index.php?rest_route=%2Fwp%2Fv2%2Fproduct_brand&post=32610"},{"taxonomy":"product_cat","embeddable":true,"href":"https:\/\/www.verbanoviaggi.com\/index.php?rest_route=%2Fwp%2Fv2%2Fproduct_cat&post=32610"},{"taxonomy":"product_tag","embeddable":true,"href":"https:\/\/www.verbanoviaggi.com\/index.php?rest_route=%2Fwp%2Fv2%2Fproduct_tag&post=32610"}],"curies":[{"name":"wp","href":"https:\/\/api.w.org\/{rel}","templated":true}]}}